{"id":6433,"date":"2018-12-21T08:50:22","date_gmt":"2019-12-26T09:49:09","guid":{"rendered":"https:\/\/apimat.ch\/?post_type=product&#038;p=6433"},"modified":"2025-07-03T14:38:37","modified_gmt":"2025-07-03T12:38:37","slug":"45-kg-runder-eimer-aus-lebensmittelechtem-kunststoff-mit-hahn","status":"publish","type":"product","link":"https:\/\/apimat.ch\/de\/produit\/45-kg-runder-eimer-aus-lebensmittelechtem-kunststoff-mit-hahn\/","title":{"rendered":"Runder Plastikeimer in Lebensmittelqualit\u00e4t mit einem Fassungsverm\u00f6gen von 45 kg mit Hahn"},"content":{"rendered":"<p>Runder Plastikeimer in Lebensmittelqualit\u00e4t mit einem Fassungsverm\u00f6gen von 45 kg mit Hahn<\/p>\n<p>45 kg runder Eimer mit Zapfhahn aus lebensmittelechtem Kunststoff mit einem Fassungsverm\u00f6gen von 45 kg. Es hat einen Schnappdeckel mit Sicherheitskragen.<\/p>\n<p><strong>DEGRESSIVE PREISE JE NACH MENGE.<\/strong><\/p>\n<p><strong>F\u00fcr weitere Informationen kontaktieren Sie mich bitte.<\/strong><\/p>\n<p><a href=\"mailto:info@apimat.ch\"><strong>info@apimat.ch<\/strong><\/a><\/p>\n<p><strong>Telefon: 076 213 80 33<\/strong><\/p>\n<p><strong>BESUCHE NACH ERNENNUNG 7\/7 Tage<\/strong><\/p>\n","protected":false},"excerpt":{"rendered":"<p>Runder Plastikeimer in Lebensmittelqualit\u00e4t mit einem Fassungsverm\u00f6gen von 45 kg mit Hahn 45 kg runder Eimer mit Zapfhahn aus lebensmittelechtem Kunststoff mit einem Fassungsverm\u00f6gen von 45 kg. Es hat einen Schnappdeckel mit Sicherheitskragen. DEGRESSIVE PREISE JE NACH MENGE. F\u00fcr weitere Informationen kontaktieren Sie mich bitte. info@apimat.ch Telefon: 076 213 80 33 BESUCHE NACH ERNENNUNG 7\/7 [&hellip;]<\/p>\n","protected":false},"featured_media":8442,"template":"","meta":{"_uf_show_specific_survey":0,"_uf_disable_surveys":false},"product_cat":[108],"product_tag":[],"aioseo_notices":[],"_links":{"self":[{"href":"https:\/\/apimat.ch\/de\/wp-json\/wp\/v2\/product\/6433"}],"collection":[{"href":"https:\/\/apimat.ch\/de\/wp-json\/wp\/v2\/product"}],"about":[{"href":"https:\/\/apimat.ch\/de\/wp-json\/wp\/v2\/types\/product"}],"wp:featuredmedia":[{"embeddable":true,"href":"https:\/\/apimat.ch\/de\/wp-json\/wp\/v2\/media\/8442"}],"wp:attachment":[{"href":"https:\/\/apimat.ch\/de\/wp-json\/wp\/v2\/media?parent=6433"}],"wp:term":[{"taxonomy":"product_cat","embeddable":true,"href":"https:\/\/apimat.ch\/de\/wp-json\/wp\/v2\/product_cat?post=6433"},{"taxonomy":"product_tag","embeddable":true,"href":"https:\/\/apimat.ch\/de\/wp-json\/wp\/v2\/product_tag?post=6433"}],"curies":[{"name":"wp","href":"https:\/\/api.w.org\/{rel}","templated":true}]}}