{"id":6442,"date":"2019-12-23T11:00:49","date_gmt":"2019-12-26T09:56:34","guid":{"rendered":"https:\/\/apimat.ch\/?post_type=product&#038;p=6442"},"modified":"2022-09-25T12:15:15","modified_gmt":"2022-09-25T10:15:15","slug":"rechteckige-zufuehrung-25-liter","status":"publish","type":"product","link":"https:\/\/apimat.ch\/de\/produit\/rechteckige-zufuehrung-25-liter\/","title":{"rendered":"Lorho Rechteckige Futtergeschirr 3 l"},"content":{"rendered":"<h3>Lorho Rechteckige Futtergeschirr 3 l<\/h3>\n<p>Zuf\u00fchrung aus lebensmittelechtem Kunststoff, transparenter Deckel. Inhalt 3 Liter. Abmessungen: L35\u00d7B21\u00d7H6cm.<\/p>\n<p><strong>DEGRESSIVE PREISE JE NACH MENGE.<\/strong><\/p>\n<p><strong>F\u00fcr weitere Informationen kontaktieren Sie mich bitte.<\/strong><\/p>\n<p><a href=\"mailto:info@apimat.ch\"><strong>info@apimat.ch<\/strong><\/a><\/p>\n<p><strong>Telefon: 076 213 80 33<\/strong><\/p>\n<p><strong>BESUCHE NACH ERNENNUNG 7\/7 Tage<\/strong><\/p>\n","protected":false},"excerpt":{"rendered":"<p>Lorho Rechteckige Futtergeschirr 3 l Zuf\u00fchrung aus lebensmittelechtem Kunststoff, transparenter Deckel. Inhalt 3 Liter. Abmessungen: L35\u00d7B21\u00d7H6cm. DEGRESSIVE PREISE JE NACH MENGE. F\u00fcr weitere Informationen kontaktieren Sie mich bitte. info@apimat.ch Telefon: 076 213 80 33 BESUCHE NACH ERNENNUNG 7\/7 Tage<\/p>\n","protected":false},"featured_media":16885,"template":"","meta":{"_uf_show_specific_survey":0,"_uf_disable_surveys":false},"product_cat":[94],"product_tag":[],"aioseo_notices":[],"_links":{"self":[{"href":"https:\/\/apimat.ch\/de\/wp-json\/wp\/v2\/product\/6442"}],"collection":[{"href":"https:\/\/apimat.ch\/de\/wp-json\/wp\/v2\/product"}],"about":[{"href":"https:\/\/apimat.ch\/de\/wp-json\/wp\/v2\/types\/product"}],"wp:featuredmedia":[{"embeddable":true,"href":"https:\/\/apimat.ch\/de\/wp-json\/wp\/v2\/media\/16885"}],"wp:attachment":[{"href":"https:\/\/apimat.ch\/de\/wp-json\/wp\/v2\/media?parent=6442"}],"wp:term":[{"taxonomy":"product_cat","embeddable":true,"href":"https:\/\/apimat.ch\/de\/wp-json\/wp\/v2\/product_cat?post=6442"},{"taxonomy":"product_tag","embeddable":true,"href":"https:\/\/apimat.ch\/de\/wp-json\/wp\/v2\/product_tag?post=6442"}],"curies":[{"name":"wp","href":"https:\/\/api.w.org\/{rel}","templated":true}]}}