{"id":6446,"date":"2018-12-19T09:51:28","date_gmt":"2019-12-26T10:15:37","guid":{"rendered":"https:\/\/apimat.ch\/?post_type=product&#038;p=6446"},"modified":"2024-04-09T07:04:07","modified_gmt":"2024-04-09T05:04:07","slug":"ultra-rayons-ultra-gepraegte-wachsplatten-von-bienen-meier-fuer-dadant-hubrahmen-als-rueckstandsfrei-zertifiziert","status":"publish","type":"product","link":"https:\/\/apimat.ch\/de\/produit\/ultra-rayons-ultra-gepraegte-wachsplatten-von-bienen-meier-fuer-dadant-hubrahmen-als-rueckstandsfrei-zertifiziert\/","title":{"rendered":"Waben r\u00fcckstandsfrei zertifiziert f\u00fcr Dadant Honigrahmen"},"content":{"rendered":"<p>Waben r\u00fcckstandsfrei zertifiziert f\u00fcr Honigrahmen<\/p>\n<p>Gr\u00f6\u00dfe 41 x 13 cm \/ Anzahl der Bl\u00e4tter pro Kilo 16<\/p>\n<p>Wir versenden das Zertifikat nur auf Anfrage.<\/p>\n<p><strong>DEGRESSIVE PREISE JE NACH MENGE.<\/strong><\/p>\n<p>Andere Abmessungen auf Anfrage.<\/p>\n<p><strong>F\u00fcr weitere Informationen kontaktieren Sie mich bitte.<\/strong><\/p>\n<p><a href=\"mailto:info@apimat.ch\"><strong>info@apimat.ch<\/strong><\/a><\/p>\n<p><strong>Telefon: 076 213 80 33<\/strong><\/p>\n","protected":false},"excerpt":{"rendered":"<p>Waben r\u00fcckstandsfrei zertifiziert f\u00fcr Honigrahmen Gr\u00f6\u00dfe 41 x 13 cm \/ Anzahl der Bl\u00e4tter pro Kilo 16 Wir versenden das Zertifikat nur auf Anfrage. DEGRESSIVE PREISE JE NACH MENGE. Andere Abmessungen auf Anfrage. F\u00fcr weitere Informationen kontaktieren Sie mich bitte. info@apimat.ch Telefon: 076 213 80 33<\/p>\n","protected":false},"featured_media":12059,"template":"","meta":{"_uf_show_specific_survey":0,"_uf_disable_surveys":false},"product_cat":[1060,103],"product_tag":[],"aioseo_notices":[],"_links":{"self":[{"href":"https:\/\/apimat.ch\/de\/wp-json\/wp\/v2\/product\/6446"}],"collection":[{"href":"https:\/\/apimat.ch\/de\/wp-json\/wp\/v2\/product"}],"about":[{"href":"https:\/\/apimat.ch\/de\/wp-json\/wp\/v2\/types\/product"}],"wp:featuredmedia":[{"embeddable":true,"href":"https:\/\/apimat.ch\/de\/wp-json\/wp\/v2\/media\/12059"}],"wp:attachment":[{"href":"https:\/\/apimat.ch\/de\/wp-json\/wp\/v2\/media?parent=6446"}],"wp:term":[{"taxonomy":"product_cat","embeddable":true,"href":"https:\/\/apimat.ch\/de\/wp-json\/wp\/v2\/product_cat?post=6446"},{"taxonomy":"product_tag","embeddable":true,"href":"https:\/\/apimat.ch\/de\/wp-json\/wp\/v2\/product_tag?post=6446"}],"curies":[{"name":"wp","href":"https:\/\/api.w.org\/{rel}","templated":true}]}}