{"id":6449,"date":"2018-12-13T09:15:11","date_gmt":"2019-12-26T10:22:27","guid":{"rendered":"https:\/\/apimat.ch\/?post_type=product&#038;p=6449"},"modified":"2026-02-13T14:15:13","modified_gmt":"2026-02-13T13:15:13","slug":"futterteig-apifonda-25kg-beutel","status":"publish","type":"product","link":"https:\/\/apimat.ch\/de\/produit\/futterteig-apifonda-25kg-beutel\/","title":{"rendered":"Futterteig APIFONDA 2,5kg Beutel"},"content":{"rendered":"<p>Futterteig APIFONDA 2,5kg Beutel<\/p>\n<p>Besondere Verwendung: Fr\u00fchjahrsbelebung, Schw\u00e4rmen, zwischen den Honigfl\u00fcssen, fr\u00fche \u00dcberwinterung. In S\u00e4cken von 2,5 kg.<\/p>\n<p>Einfache Handhabung: Der Beutel wird direkt auf die Einf\u00fcll\u00f6ffnung gelegt. Machen Sie mit dem Messer zwei kreuzf\u00f6rmige Schnitte von 2 bis 10 cm und klappen Sie die Kunststoffseiten nach unten. Lagerung: An einem k\u00fchlen, trockenen Ort bei einer konstanten Temperatur zwischen 10\u00b0C &#8211; 20\u00b0C lagern.<\/p>\n<p><strong>DEGRESSIVE PREISE JE NACH MENGE.<\/strong><\/p>\n<p><strong>F\u00fcr weitere Informationen kontaktieren Sie mich bitte.<\/strong><\/p>\n<p><a href=\"mailto:info@apimat.ch\"><strong>info@apimat.ch<\/strong><\/a><\/p>\n<p><strong>Telefon: 076 213 80 33<\/strong><\/p>\n","protected":false},"excerpt":{"rendered":"<p>Futterteig APIFONDA 2,5kg Beutel Besondere Verwendung: Fr\u00fchjahrsbelebung, Schw\u00e4rmen, zwischen den Honigfl\u00fcssen, fr\u00fche \u00dcberwinterung. In S\u00e4cken von 2,5 kg. Einfache Handhabung: Der Beutel wird direkt auf die Einf\u00fcll\u00f6ffnung gelegt. Machen Sie mit dem Messer zwei kreuzf\u00f6rmige Schnitte von 2 bis 10 cm und klappen Sie die Kunststoffseiten nach unten. Lagerung: An einem k\u00fchlen, trockenen Ort bei [&hellip;]<\/p>\n","protected":false},"featured_media":42246,"template":"","meta":{"_uf_show_specific_survey":0,"_uf_disable_surveys":false},"product_cat":[94],"product_tag":[],"aioseo_notices":[],"_links":{"self":[{"href":"https:\/\/apimat.ch\/de\/wp-json\/wp\/v2\/product\/6449"}],"collection":[{"href":"https:\/\/apimat.ch\/de\/wp-json\/wp\/v2\/product"}],"about":[{"href":"https:\/\/apimat.ch\/de\/wp-json\/wp\/v2\/types\/product"}],"wp:featuredmedia":[{"embeddable":true,"href":"https:\/\/apimat.ch\/de\/wp-json\/wp\/v2\/media\/42246"}],"wp:attachment":[{"href":"https:\/\/apimat.ch\/de\/wp-json\/wp\/v2\/media?parent=6449"}],"wp:term":[{"taxonomy":"product_cat","embeddable":true,"href":"https:\/\/apimat.ch\/de\/wp-json\/wp\/v2\/product_cat?post=6449"},{"taxonomy":"product_tag","embeddable":true,"href":"https:\/\/apimat.ch\/de\/wp-json\/wp\/v2\/product_tag?post=6449"}],"curies":[{"name":"wp","href":"https:\/\/api.w.org\/{rel}","templated":true}]}}