{"id":6455,"date":"2018-12-13T08:05:30","date_gmt":"2019-12-26T10:26:29","guid":{"rendered":"https:\/\/apimat.ch\/?post_type=product&#038;p=6455"},"modified":"2021-10-08T07:28:10","modified_gmt":"2021-10-08T05:28:10","slug":"rechteckiger-zubringer-aus-lebensmittelechtem-kunststoff-inhalt-6-liter","status":"publish","type":"product","link":"https:\/\/apimat.ch\/de\/produit\/rechteckiger-zubringer-aus-lebensmittelechtem-kunststoff-inhalt-6-liter\/","title":{"rendered":"Rechteckige Kunststoff Futtergeschirr in Lebensmittelqualit\u00e4t, Fassungsverm\u00f6gen 6 Liter"},"content":{"rendered":"<p>Rechteckige Kunststoff Futtergeschirr in Lebensmittelqualit\u00e4t, Fassungsverm\u00f6gen 6 Liter<\/p>\n<p>Rechteckiges Futtermittel aus essbarem Kunststoff, 330x400x70 mm, Fassungsverm\u00f6gen 6 Liter Sirup. Er wird auf den Bienenstock aufgesetzt, der Kontakt wird durch ein Loch \u00d8 40 mm hergestellt. Sehr stabil dank der gro\u00dfen Abmessungen des Sockels. Sie wird eingesetzt, wenn es notwendig ist, die Reserven f\u00fcr die \u00dcberwinterung zu erh\u00f6hen.<\/p>\n<p><strong>DEGRESSIVE PREISE JE NACH MENGE.<\/strong><\/p>\n<p><strong>F\u00fcr weitere Informationen kontaktieren Sie mich bitte.<\/strong><\/p>\n<p><a href=\"mailto:info@apimat.ch\"><strong>info@apimat.ch<\/strong><\/a><\/p>\n<p><strong>Telefon: 076 213 80 33<\/strong><\/p>\n<p><strong>BESUCHE NACH ERNENNUNG 7\/7 Tage<\/strong><\/p>\n","protected":false},"excerpt":{"rendered":"<p>Rechteckige Kunststoff Futtergeschirr in Lebensmittelqualit\u00e4t, Fassungsverm\u00f6gen 6 Liter Rechteckiges Futtermittel aus essbarem Kunststoff, 330x400x70 mm, Fassungsverm\u00f6gen 6 Liter Sirup. Er wird auf den Bienenstock aufgesetzt, der Kontakt wird durch ein Loch \u00d8 40 mm hergestellt. Sehr stabil dank der gro\u00dfen Abmessungen des Sockels. Sie wird eingesetzt, wenn es notwendig ist, die Reserven f\u00fcr die \u00dcberwinterung [&hellip;]<\/p>\n","protected":false},"featured_media":4398,"template":"","meta":{"_uf_show_specific_survey":0,"_uf_disable_surveys":false},"product_cat":[94],"product_tag":[],"aioseo_notices":[],"_links":{"self":[{"href":"https:\/\/apimat.ch\/de\/wp-json\/wp\/v2\/product\/6455"}],"collection":[{"href":"https:\/\/apimat.ch\/de\/wp-json\/wp\/v2\/product"}],"about":[{"href":"https:\/\/apimat.ch\/de\/wp-json\/wp\/v2\/types\/product"}],"wp:featuredmedia":[{"embeddable":true,"href":"https:\/\/apimat.ch\/de\/wp-json\/wp\/v2\/media\/4398"}],"wp:attachment":[{"href":"https:\/\/apimat.ch\/de\/wp-json\/wp\/v2\/media?parent=6455"}],"wp:term":[{"taxonomy":"product_cat","embeddable":true,"href":"https:\/\/apimat.ch\/de\/wp-json\/wp\/v2\/product_cat?post=6455"},{"taxonomy":"product_tag","embeddable":true,"href":"https:\/\/apimat.ch\/de\/wp-json\/wp\/v2\/product_tag?post=6455"}],"curies":[{"name":"wp","href":"https:\/\/api.w.org\/{rel}","templated":true}]}}