{"id":6464,"date":"2018-12-12T11:41:19","date_gmt":"2019-12-26T10:32:50","guid":{"rendered":"https:\/\/apimat.ch\/?post_type=product&#038;p=6464"},"modified":"2020-12-02T05:34:21","modified_gmt":"2020-12-02T04:34:21","slug":"rahmenstuetze-fuer-inspektion-edelstahl","status":"publish","type":"product","link":"https:\/\/apimat.ch\/de\/produit\/rahmenstuetze-fuer-inspektion-edelstahl\/","title":{"rendered":"Rahmenunterst\u00fctzung aus Edelstahl f\u00fcr den Besuch"},"content":{"rendered":"<p>Rahmenunterst\u00fctzung aus Edelstahl f\u00fcr den Besuch<\/p>\n<p>Rahmenst\u00fctze f\u00fcr die Inspektion, aus Edelstahl. An der Au\u00dfenseite des Bienenstocks angebracht, erm\u00f6glicht es, die ersten Rahmen w\u00e4hrend des Besuchs auf Standby zu stellen.<\/p>\n<p>Das Element enth\u00e4lt 3 Rahmen.<\/p>\n<p><strong>DEGRESSIVE PREISE JE NACH MENGE.<\/strong><\/p>\n<p><strong>F\u00fcr weitere Informationen kontaktieren Sie mich bitte.<\/strong><\/p>\n<p><a href=\"mailto:info@apimat.ch\"><strong>info@apimat.ch<\/strong><\/a><\/p>\n<p><strong>Telefon: 076 213 80 33<\/strong><\/p>\n<p><strong>BESUCHE NACH ERNENNUNG 7\/7 Tage<\/strong><\/p>\n","protected":false},"excerpt":{"rendered":"<p>Rahmenunterst\u00fctzung aus Edelstahl f\u00fcr den Besuch Rahmenst\u00fctze f\u00fcr die Inspektion, aus Edelstahl. An der Au\u00dfenseite des Bienenstocks angebracht, erm\u00f6glicht es, die ersten Rahmen w\u00e4hrend des Besuchs auf Standby zu stellen. Das Element enth\u00e4lt 3 Rahmen. DEGRESSIVE PREISE JE NACH MENGE. F\u00fcr weitere Informationen kontaktieren Sie mich bitte. info@apimat.ch Telefon: 076 213 80 33 BESUCHE NACH [&hellip;]<\/p>\n","protected":false},"featured_media":4388,"template":"","meta":{"_uf_show_specific_survey":0,"_uf_disable_surveys":false},"product_cat":[98],"product_tag":[],"aioseo_notices":[],"_links":{"self":[{"href":"https:\/\/apimat.ch\/de\/wp-json\/wp\/v2\/product\/6464"}],"collection":[{"href":"https:\/\/apimat.ch\/de\/wp-json\/wp\/v2\/product"}],"about":[{"href":"https:\/\/apimat.ch\/de\/wp-json\/wp\/v2\/types\/product"}],"wp:featuredmedia":[{"embeddable":true,"href":"https:\/\/apimat.ch\/de\/wp-json\/wp\/v2\/media\/4388"}],"wp:attachment":[{"href":"https:\/\/apimat.ch\/de\/wp-json\/wp\/v2\/media?parent=6464"}],"wp:term":[{"taxonomy":"product_cat","embeddable":true,"href":"https:\/\/apimat.ch\/de\/wp-json\/wp\/v2\/product_cat?post=6464"},{"taxonomy":"product_tag","embeddable":true,"href":"https:\/\/apimat.ch\/de\/wp-json\/wp\/v2\/product_tag?post=6464"}],"curies":[{"name":"wp","href":"https:\/\/api.w.org\/{rel}","templated":true}]}}