{"id":6480,"date":"2018-12-11T09:23:48","date_gmt":"2019-12-26T10:50:14","guid":{"rendered":"https:\/\/apimat.ch\/?post_type=product&#038;p=6480"},"modified":"2023-01-10T16:26:55","modified_gmt":"2023-01-10T15:26:55","slug":"rechteckiger-dampfsterilisator-aus-edelstahl-15-rahmen-mit-elektrischer-heizung","status":"publish","type":"product","link":"https:\/\/apimat.ch\/de\/produit\/rechteckiger-dampfsterilisator-aus-edelstahl-15-rahmen-mit-elektrischer-heizung\/","title":{"rendered":"Rechteckiger Dampfwachsschmelzer aus Edelstahl, 15 Rahmen, mit elektrischer Heizung"},"content":{"rendered":"<p>Rechteckiger Dampfwachsschmelzer aus Edelstahl, 15 Rahmen, mit elektrischer Heizung<\/p>\n<p>Rechteckiger 4-Fu\u00df-Dampfzertifizierer aus Edelstahl mit elektrischer Beheizung durch 2000 W Widerstand.<\/p>\n<p>Fassungsverm\u00f6gen 15 Dadant Body Frames. Abmessungen 410x600x620 mm.<\/p>\n<p><strong>DEGRESSIVE PREISE JE NACH MENGE.<\/strong><\/p>\n<p><strong>F\u00fcr weitere Informationen kontaktieren Sie mich bitte.<\/strong><\/p>\n<p><a href=\"mailto:info@apimat.ch\"><strong>info@apimat.ch<\/strong><\/a><\/p>\n<p><strong>Telefon: 076 213 80 33<\/strong><\/p>\n","protected":false},"excerpt":{"rendered":"<p>Rechteckiger Dampfwachsschmelzer aus Edelstahl, 15 Rahmen, mit elektrischer Heizung Rechteckiger 4-Fu\u00df-Dampfzertifizierer aus Edelstahl mit elektrischer Beheizung durch 2000 W Widerstand. Fassungsverm\u00f6gen 15 Dadant Body Frames. Abmessungen 410x600x620 mm. DEGRESSIVE PREISE JE NACH MENGE. F\u00fcr weitere Informationen kontaktieren Sie mich bitte. info@apimat.ch Telefon: 076 213 80 33<\/p>\n","protected":false},"featured_media":21528,"template":"","meta":{"_uf_show_specific_survey":0,"_uf_disable_surveys":false},"product_cat":[103],"product_tag":[],"aioseo_notices":[],"_links":{"self":[{"href":"https:\/\/apimat.ch\/de\/wp-json\/wp\/v2\/product\/6480"}],"collection":[{"href":"https:\/\/apimat.ch\/de\/wp-json\/wp\/v2\/product"}],"about":[{"href":"https:\/\/apimat.ch\/de\/wp-json\/wp\/v2\/types\/product"}],"wp:featuredmedia":[{"embeddable":true,"href":"https:\/\/apimat.ch\/de\/wp-json\/wp\/v2\/media\/21528"}],"wp:attachment":[{"href":"https:\/\/apimat.ch\/de\/wp-json\/wp\/v2\/media?parent=6480"}],"wp:term":[{"taxonomy":"product_cat","embeddable":true,"href":"https:\/\/apimat.ch\/de\/wp-json\/wp\/v2\/product_cat?post=6480"},{"taxonomy":"product_tag","embeddable":true,"href":"https:\/\/apimat.ch\/de\/wp-json\/wp\/v2\/product_tag?post=6480"}],"curies":[{"name":"wp","href":"https:\/\/api.w.org\/{rel}","templated":true}]}}