{"id":6489,"date":"2020-01-03T20:03:08","date_gmt":"2019-12-26T13:30:22","guid":{"rendered":"https:\/\/apimat.ch\/?post_type=product&#038;p=6489"},"modified":"2022-01-17T12:15:56","modified_gmt":"2022-01-17T11:15:56","slug":"spezialfarbe-fuer-bienenstoecke-1-kg-tiegel-farbe-gruen-blau-gelb","status":"publish","type":"product","link":"https:\/\/apimat.ch\/de\/produit\/spezialfarbe-fuer-bienenstoecke-1-kg-tiegel-farbe-gruen-blau-gelb\/","title":{"rendered":"Spezialfarbe f\u00fcr Bienenst\u00f6cke, 1 kg Topf, Farbe GELB, BLAU, GR\u00dcN"},"content":{"rendered":"<p>Spezialfarbe f\u00fcr Bienenst\u00f6cke, 1 kg Topf, Farbe:<\/p>\n<h3>GR\u00dcN, BLAU, GELB<\/h3>\n<p>&nbsp;<\/p>\n<p><strong>F\u00fcr weitere Informationen kontaktieren Sie mich bitte.<\/strong><\/p>\n<p><a href=\"mailto:info@apimat.ch\"><strong>info@apimat.ch<\/strong><\/a><\/p>\n<p><strong>Telefon: 076 213 80 33<\/strong><\/p>\n<p><strong>BESUCHE NACH ERNENNUNG 7\/7 Tage<\/strong><\/p>\n","protected":false},"excerpt":{"rendered":"<p>Spezialfarbe f\u00fcr Bienenst\u00f6cke, 1 kg Topf, Farbe: GR\u00dcN, BLAU, GELB &nbsp; F\u00fcr weitere Informationen kontaktieren Sie mich bitte. info@apimat.ch Telefon: 076 213 80 33 BESUCHE NACH ERNENNUNG 7\/7 Tage<\/p>\n","protected":false},"featured_media":16887,"template":"","meta":{"_uf_show_specific_survey":0,"_uf_disable_surveys":false},"product_cat":[98],"product_tag":[],"aioseo_notices":[],"_links":{"self":[{"href":"https:\/\/apimat.ch\/de\/wp-json\/wp\/v2\/product\/6489"}],"collection":[{"href":"https:\/\/apimat.ch\/de\/wp-json\/wp\/v2\/product"}],"about":[{"href":"https:\/\/apimat.ch\/de\/wp-json\/wp\/v2\/types\/product"}],"wp:featuredmedia":[{"embeddable":true,"href":"https:\/\/apimat.ch\/de\/wp-json\/wp\/v2\/media\/16887"}],"wp:attachment":[{"href":"https:\/\/apimat.ch\/de\/wp-json\/wp\/v2\/media?parent=6489"}],"wp:term":[{"taxonomy":"product_cat","embeddable":true,"href":"https:\/\/apimat.ch\/de\/wp-json\/wp\/v2\/product_cat?post=6489"},{"taxonomy":"product_tag","embeddable":true,"href":"https:\/\/apimat.ch\/de\/wp-json\/wp\/v2\/product_tag?post=6489"}],"curies":[{"name":"wp","href":"https:\/\/api.w.org\/{rel}","templated":true}]}}