{"id":6512,"date":"2018-12-07T19:02:09","date_gmt":"2019-12-26T13:56:42","guid":{"rendered":"https:\/\/apimat.ch\/?post_type=product&#038;p=6512"},"modified":"2026-02-09T12:31:30","modified_gmt":"2026-02-09T11:31:30","slug":"8-fach-bienenfresser-montiert-auf-rahmenabdeckplatte-dadant-10","status":"publish","type":"product","link":"https:\/\/apimat.ch\/de\/produit\/8-fach-bienenfresser-montiert-auf-rahmenabdeckplatte-dadant-10\/","title":{"rendered":"Bienenflucht , sternf\u00f6rmig mit 8 Ausg\u00e4ngen montiert auf Dadant 10-Rahmenabdeckplatte"},"content":{"rendered":"<p>Bienenflucht , sternf\u00f6rmig mit 8 Ausg\u00e4ngen montiert auf Dadant 10-Rahmenabdeckplatte<\/p>\n<p><strong>DEGRESSIVE PREISE JE NACH MENGE.<\/strong><\/p>\n<p><strong>F\u00fcr weitere Informationen kontaktieren Sie mich bitte.<\/strong><\/p>\n<p><a href=\"mailto:info@apimat.ch\"><strong>info@apimat.ch<\/strong><\/a><\/p>\n<p><strong>Telefon: 076 213 80 33<\/strong><\/p>\n","protected":false},"excerpt":{"rendered":"<p>Bienenflucht , sternf\u00f6rmig mit 8 Ausg\u00e4ngen montiert auf Dadant 10-Rahmenabdeckplatte DEGRESSIVE PREISE JE NACH MENGE. F\u00fcr weitere Informationen kontaktieren Sie mich bitte. info@apimat.ch Telefon: 076 213 80 33<\/p>\n","protected":false},"featured_media":42177,"template":"","meta":{"_uf_show_specific_survey":0,"_uf_disable_surveys":false},"product_cat":[102],"product_tag":[],"aioseo_notices":[],"_links":{"self":[{"href":"https:\/\/apimat.ch\/de\/wp-json\/wp\/v2\/product\/6512"}],"collection":[{"href":"https:\/\/apimat.ch\/de\/wp-json\/wp\/v2\/product"}],"about":[{"href":"https:\/\/apimat.ch\/de\/wp-json\/wp\/v2\/types\/product"}],"wp:featuredmedia":[{"embeddable":true,"href":"https:\/\/apimat.ch\/de\/wp-json\/wp\/v2\/media\/42177"}],"wp:attachment":[{"href":"https:\/\/apimat.ch\/de\/wp-json\/wp\/v2\/media?parent=6512"}],"wp:term":[{"taxonomy":"product_cat","embeddable":true,"href":"https:\/\/apimat.ch\/de\/wp-json\/wp\/v2\/product_cat?post=6512"},{"taxonomy":"product_tag","embeddable":true,"href":"https:\/\/apimat.ch\/de\/wp-json\/wp\/v2\/product_tag?post=6512"}],"curies":[{"name":"wp","href":"https:\/\/api.w.org\/{rel}","templated":true}]}}