{"id":6528,"date":"2018-12-05T18:18:18","date_gmt":"2019-12-26T14:11:39","guid":{"rendered":"https:\/\/apimat.ch\/?post_type=product&#038;p=6528"},"modified":"2021-12-01T17:24:05","modified_gmt":"2021-12-01T16:24:05","slug":"1-blau-apidea-begattungskaestchen","status":"publish","type":"product","link":"https:\/\/apimat.ch\/de\/produit\/1-blau-apidea-begattungskaestchen\/","title":{"rendered":"APIDEA blauer Begattungsk\u00e4stli"},"content":{"rendered":"<p>APIDEA blauer Begattungsk\u00e4stli<\/p>\n<p>Der APIDEA D\u00fcngungsbeutel aus blauem, hartem Polystyrol bietet die perfekten Bedingungen f\u00fcr die Zucht. Er ist leicht transportierbar, einfach zu reinigen und gut stapelbar.<\/p>\n<p>Woraus besteht der Apidea-Bienenstock?<\/p>\n<p>Das Raummanagement und das Zubeh\u00f6r erm\u00f6glichen eine einfache Aufzucht der K\u00f6niginnen:<\/p>\n<p>3 blau Rahmen zur Unterst\u00fctzung der K\u00f6niginnenzellen.<br \/>\neine transparente Rahmenabdeckung mit einer \u00d6ffnung zum Einsetzen des runden K\u00f6niginnenk\u00e4figs, ein sehr praktisches Zubeh\u00f6r, um die Entwicklung der Brut zu kontrollieren, ohne die Kolonie zu st\u00f6ren<br \/>\nein herausnehmbarer Feeder mit Schiebet\u00fcr (kann entfernt werden, um 2 zus\u00e4tzliche Rahmen einzusetzen)<br \/>\neine Schiebet\u00fcr an der Vorderseite<br \/>\nein isoliertes Bienenstockdach zum Schutz vor Witterungseinfl\u00fcssen, Raubtieren und Aasfressern<br \/>\neine Schiebet\u00fcr an der Vorderseite<\/p>\n<p>Wie benutzt man Apid\u00e9a?<\/p>\n<p>Bauen Sie die Rahmen zusammen, setzen Sie die Dichtungsleiste und das L\u00fcftungsgitter ein, f\u00fcllen Sie den F\u00fctterer und schlie\u00dfen Sie den Bienenstock mit der transparenten Rahmenabdeckung und dem Dach.<br \/>\nDrehen Sie den Bienenstock um und \u00f6ffnen Sie den Schiebeboden, um ca. 100 g Jungbienen (ca. eine Suppensch\u00f6pfkelle) zu deponieren.<br \/>\nSpr\u00fchen Sie vorsichtig etwas Wasser auf die Insekten, um sie an der Flucht zu hindern.<br \/>\nSchlie\u00dfen Sie den Boden, drehen Sie den Bienenstock in der richtigen Position um und stellen Sie ihn an einen schattigen Platz.<br \/>\nNach 40 &#8211; 50 Minuten eine schl\u00fcpfbereite K\u00f6nigszelle oder eine sehr junge K\u00f6nigin durch die \u00d6ffnung im Rahmendeckel setzen. Das L\u00fcftungsgitter \u00fcber dem Eingang sollte mehrmals t\u00e4glich mit einem Spr\u00fchger\u00e4t befeuchtet werden. Nach 10 bis 14 Tagen ist der Imker stolzer Besitzer einer jungen befruchteten K\u00f6nigin.<br \/>\nWenn der Imker den Aufenthalt der Bienen in den Kernen um einige Tage verl\u00e4ngern m\u00f6chte, muss er wahrscheinlich den Bienenstock vergr\u00f6\u00dfern, indem er den Futtertrog entfernt und zwei zus\u00e4tzliche Rahmen anbringt.<\/p>\n<p><strong>DEGRESSIVE PREISE JE NACH MENGE.<\/strong><\/p>\n<p><strong>F\u00fcr weitere Informationen kontaktieren Sie mich bitte.<\/strong><\/p>\n<p><a href=\"mailto:info@apimat.ch\"><strong>info@apimat.ch<\/strong><\/a><\/p>\n<p><strong>Telefon: 076 213 80 33<\/strong><\/p>\n<p><strong>BESUCHE NACH ERNENNUNG 7\/7 Tage<\/strong><\/p>\n","protected":false},"excerpt":{"rendered":"<p>APIDEA blauer Begattungsk\u00e4stli Der APIDEA D\u00fcngungsbeutel aus blauem, hartem Polystyrol bietet die perfekten Bedingungen f\u00fcr die Zucht. Er ist leicht transportierbar, einfach zu reinigen und gut stapelbar. Woraus besteht der Apidea-Bienenstock? Das Raummanagement und das Zubeh\u00f6r erm\u00f6glichen eine einfache Aufzucht der K\u00f6niginnen: 3 blau Rahmen zur Unterst\u00fctzung der K\u00f6niginnenzellen. eine transparente Rahmenabdeckung mit einer \u00d6ffnung [&hellip;]<\/p>\n","protected":false},"featured_media":15508,"template":"","meta":{"_uf_show_specific_survey":0,"_uf_disable_surveys":false},"product_cat":[95,1060],"product_tag":[],"aioseo_notices":[],"_links":{"self":[{"href":"https:\/\/apimat.ch\/de\/wp-json\/wp\/v2\/product\/6528"}],"collection":[{"href":"https:\/\/apimat.ch\/de\/wp-json\/wp\/v2\/product"}],"about":[{"href":"https:\/\/apimat.ch\/de\/wp-json\/wp\/v2\/types\/product"}],"wp:featuredmedia":[{"embeddable":true,"href":"https:\/\/apimat.ch\/de\/wp-json\/wp\/v2\/media\/15508"}],"wp:attachment":[{"href":"https:\/\/apimat.ch\/de\/wp-json\/wp\/v2\/media?parent=6528"}],"wp:term":[{"taxonomy":"product_cat","embeddable":true,"href":"https:\/\/apimat.ch\/de\/wp-json\/wp\/v2\/product_cat?post=6528"},{"taxonomy":"product_tag","embeddable":true,"href":"https:\/\/apimat.ch\/de\/wp-json\/wp\/v2\/product_tag?post=6528"}],"curies":[{"name":"wp","href":"https:\/\/api.w.org\/{rel}","templated":true}]}}