{"id":6533,"date":"2018-12-05T18:00:46","date_gmt":"2019-12-26T14:14:52","guid":{"rendered":"https:\/\/apimat.ch\/?post_type=product&#038;p=6533"},"modified":"2020-12-01T16:02:36","modified_gmt":"2020-12-01T15:02:36","slug":"hohe-rahmenabdeckungen-mit-zufuehrungen-fuer-10-rahmen-beuten","status":"publish","type":"product","link":"https:\/\/apimat.ch\/de\/produit\/hohe-rahmenabdeckungen-mit-zufuehrungen-fuer-10-rahmen-beuten\/","title":{"rendered":"Hohe Futterdeckbrett f\u00fcr 10 Rahmen Bienenst\u00f6cke"},"content":{"rendered":"<p>Hohe Futterdeckbrett f\u00fcr 10 Rahmen Bienenst\u00f6cke<\/p>\n<p><strong>DEGRESSIVE PREISE JE NACH MENGE.<\/strong><\/p>\n<p><strong>F\u00fcr weitere Informationen kontaktieren Sie mich bitte.<\/strong><\/p>\n<p><a href=\"mailto:info@apimat.ch\"><strong>info@apimat.ch<\/strong><\/a><\/p>\n<p><strong>Telefon: 076 213 80 33<\/strong><\/p>\n<p><strong>BESUCHE NACH ERNENNUNG 7\/7 Tage<\/strong><\/p>\n","protected":false},"excerpt":{"rendered":"<p>Hohe Futterdeckbrett f\u00fcr 10 Rahmen Bienenst\u00f6cke DEGRESSIVE PREISE JE NACH MENGE. F\u00fcr weitere Informationen kontaktieren Sie mich bitte. info@apimat.ch Telefon: 076 213 80 33 BESUCHE NACH ERNENNUNG 7\/7 Tage<\/p>\n","protected":false},"featured_media":7714,"template":"","meta":{"_uf_show_specific_survey":0,"_uf_disable_surveys":false},"product_cat":[102],"product_tag":[],"aioseo_notices":[],"_links":{"self":[{"href":"https:\/\/apimat.ch\/de\/wp-json\/wp\/v2\/product\/6533"}],"collection":[{"href":"https:\/\/apimat.ch\/de\/wp-json\/wp\/v2\/product"}],"about":[{"href":"https:\/\/apimat.ch\/de\/wp-json\/wp\/v2\/types\/product"}],"wp:featuredmedia":[{"embeddable":true,"href":"https:\/\/apimat.ch\/de\/wp-json\/wp\/v2\/media\/7714"}],"wp:attachment":[{"href":"https:\/\/apimat.ch\/de\/wp-json\/wp\/v2\/media?parent=6533"}],"wp:term":[{"taxonomy":"product_cat","embeddable":true,"href":"https:\/\/apimat.ch\/de\/wp-json\/wp\/v2\/product_cat?post=6533"},{"taxonomy":"product_tag","embeddable":true,"href":"https:\/\/apimat.ch\/de\/wp-json\/wp\/v2\/product_tag?post=6533"}],"curies":[{"name":"wp","href":"https:\/\/api.w.org\/{rel}","templated":true}]}}