{"id":6541,"date":"2018-11-24T15:45:48","date_gmt":"2019-12-26T14:32:07","guid":{"rendered":"https:\/\/apimat.ch\/?post_type=product&#038;p=6541"},"modified":"2024-05-26T20:05:59","modified_gmt":"2024-05-26T18:05:59","slug":"1-dadant-6-pin-bienenstock-mit-leinoel-behandelt","status":"publish","type":"product","link":"https:\/\/apimat.ch\/de\/produit\/1-dadant-6-pin-bienenstock-mit-leinoel-behandelt\/","title":{"rendered":"Dadant Bienenstock 6, mit Lein\u00f6l behandelt, (MIT RAHMEN )"},"content":{"rendered":"<h3>Dadant Bienenstock 6, mit Lein\u00f6l behandelt, (MIT RAHMEN)<\/h3>\n<p>&#8211; Geradschwanzzapfenmontage f\u00fcr optimale Festigkeit;<\/p>\n<p>&#8211; \u00c4u\u00dfere Behandlung mit Lein\u00f6l;<\/p>\n<p>&#8211; Beweglicher Boden mit Anti-Varroa-Gitter mit Schublade zur Inspektion;<\/p>\n<p>&#8211; Beweglicher Boden mit Gitter und INOX-Schublade<\/p>\n<p>&#8211; Bienenstockk\u00f6rper MIT RAHMEN f\u00fcr die Kolonieentwicklung;<\/p>\n<p>&#8211; Abdeckbrett mit zentraler Bohrung f\u00fcr die Zuf\u00fchrung;<\/p>\n<p>&#8211; Blechdach: wird zum Schutz des Bienenstocks verwendet;<\/p>\n<p>&#8211; Verschiedene Metallzubeh\u00f6rteile (Zahnstangen, Zwischenrahmenleisten, verzahnte Eingangst\u00fcr);<\/p>\n<p>&nbsp;<\/p>\n<p><strong>DEGRESSIVE PREISE JE NACH MENGE.<\/strong><\/p>\n<p><strong>F\u00fcr weitere Informationen kontaktieren Sie mich bitte.<\/strong><\/p>\n<p><a href=\"mailto:info@apimat.ch\"><strong>info@apimat.ch<\/strong><\/a><\/p>\n<p><strong>Telefon: 076 213 80 33<\/strong><\/p>\n","protected":false},"excerpt":{"rendered":"<p>Dadant Bienenstock 6, mit Lein\u00f6l behandelt, (MIT RAHMEN) &#8211; Geradschwanzzapfenmontage f\u00fcr optimale Festigkeit; &#8211; \u00c4u\u00dfere Behandlung mit Lein\u00f6l; &#8211; Beweglicher Boden mit Anti-Varroa-Gitter mit Schublade zur Inspektion; &#8211; Beweglicher Boden mit Gitter und INOX-Schublade &#8211; Bienenstockk\u00f6rper MIT RAHMEN f\u00fcr die Kolonieentwicklung; &#8211; Abdeckbrett mit zentraler Bohrung f\u00fcr die Zuf\u00fchrung; &#8211; Blechdach: wird zum Schutz des [&hellip;]<\/p>\n","protected":false},"featured_media":13512,"template":"","meta":{"_uf_show_specific_survey":0,"_uf_disable_surveys":false},"product_cat":[101],"product_tag":[],"aioseo_notices":[],"_links":{"self":[{"href":"https:\/\/apimat.ch\/de\/wp-json\/wp\/v2\/product\/6541"}],"collection":[{"href":"https:\/\/apimat.ch\/de\/wp-json\/wp\/v2\/product"}],"about":[{"href":"https:\/\/apimat.ch\/de\/wp-json\/wp\/v2\/types\/product"}],"wp:featuredmedia":[{"embeddable":true,"href":"https:\/\/apimat.ch\/de\/wp-json\/wp\/v2\/media\/13512"}],"wp:attachment":[{"href":"https:\/\/apimat.ch\/de\/wp-json\/wp\/v2\/media?parent=6541"}],"wp:term":[{"taxonomy":"product_cat","embeddable":true,"href":"https:\/\/apimat.ch\/de\/wp-json\/wp\/v2\/product_cat?post=6541"},{"taxonomy":"product_tag","embeddable":true,"href":"https:\/\/apimat.ch\/de\/wp-json\/wp\/v2\/product_tag?post=6541"}],"curies":[{"name":"wp","href":"https:\/\/api.w.org\/{rel}","templated":true}]}}