{"id":6551,"date":"2018-11-20T23:24:04","date_gmt":"2019-12-26T14:51:45","guid":{"rendered":"https:\/\/apimat.ch\/?post_type=product&#038;p=6551"},"modified":"2022-01-24T12:35:20","modified_gmt":"2022-01-24T11:35:20","slug":"mit-leinoel-behandelter-beweglicher-boden-mit-anti-varroa-sieb-aus-edelstahl-fuer-den-10-rahmen-bienenstock","status":"publish","type":"product","link":"https:\/\/apimat.ch\/de\/produit\/mit-leinoel-behandelter-beweglicher-boden-mit-anti-varroa-sieb-aus-edelstahl-fuer-den-10-rahmen-bienenstock\/","title":{"rendered":"Beweglicher Boden, behandelt mit Lein\u00f6l, mit Anti-Varroa-Edelstahlgitter f\u00fcr Dadant 10 Bienenstock"},"content":{"rendered":"<p>Beweglicher Boden, behandelt mit Lein\u00f6l, mit Anti-Varroa-Edelstahlgitter f\u00fcr Dadant 10 Bienenstock<\/p>\n<p><strong>DIE PREISE SIND JE NACH MENGE DEGRESSIV.<\/strong><\/p>\n<p><strong>F\u00fcr weitere Informationen kontaktieren Sie mich bitte.<\/strong><\/p>\n<p><a href=\"mailto:info@apimat.ch\"><strong>info@apimat.ch<\/strong><\/a><\/p>\n<p><strong>Telefon: 076 213 80 33<\/strong><\/p>\n","protected":false},"excerpt":{"rendered":"<p>Beweglicher Boden, behandelt mit Lein\u00f6l, mit Anti-Varroa-Edelstahlgitter f\u00fcr Dadant 10 Bienenstock DIE PREISE SIND JE NACH MENGE DEGRESSIV. F\u00fcr weitere Informationen kontaktieren Sie mich bitte. info@apimat.ch Telefon: 076 213 80 33<\/p>\n","protected":false},"featured_media":16962,"template":"","meta":{"_uf_show_specific_survey":0,"_uf_disable_surveys":false},"product_cat":[102],"product_tag":[],"aioseo_notices":[],"_links":{"self":[{"href":"https:\/\/apimat.ch\/de\/wp-json\/wp\/v2\/product\/6551"}],"collection":[{"href":"https:\/\/apimat.ch\/de\/wp-json\/wp\/v2\/product"}],"about":[{"href":"https:\/\/apimat.ch\/de\/wp-json\/wp\/v2\/types\/product"}],"wp:featuredmedia":[{"embeddable":true,"href":"https:\/\/apimat.ch\/de\/wp-json\/wp\/v2\/media\/16962"}],"wp:attachment":[{"href":"https:\/\/apimat.ch\/de\/wp-json\/wp\/v2\/media?parent=6551"}],"wp:term":[{"taxonomy":"product_cat","embeddable":true,"href":"https:\/\/apimat.ch\/de\/wp-json\/wp\/v2\/product_cat?post=6551"},{"taxonomy":"product_tag","embeddable":true,"href":"https:\/\/apimat.ch\/de\/wp-json\/wp\/v2\/product_tag?post=6551"}],"curies":[{"name":"wp","href":"https:\/\/api.w.org\/{rel}","templated":true}]}}