{"id":6569,"date":"2018-11-16T14:17:34","date_gmt":"2019-12-26T15:10:38","guid":{"rendered":"https:\/\/apimat.ch\/?post_type=product&#038;p=6569"},"modified":"2022-05-09T19:09:53","modified_gmt":"2022-05-09T17:09:53","slug":"abfuellkessel-aus-edelstahl-wasserhahn-ihrer-wahl-100-kg-mit-griffen","status":"publish","type":"product","link":"https:\/\/apimat.ch\/de\/produit\/abfuellkessel-aus-edelstahl-wasserhahn-ihrer-wahl-100-kg-mit-griffen\/","title":{"rendered":"Abf\u00fcllkessel aus Edelstahl Wasserhahn Ihrer Wahl &#8211; 100 kg ( mit Griffen )"},"content":{"rendered":"<p>Abf\u00fcllkessel aus Edelstahl Wasserhahn Ihrer Wahl &#8211; 100 kg ( mit Griffen )<\/p>\n<p>Reifer, Fassungsverm\u00f6gen 100 kg Honig, komplett aus Edelstahl, Durchmesser \u00d8 380 mm &#8211; H 665 mm, mit \u00d8 40 mm Hahn aus lebensmittelechtem Kunststoff und Deckel.<\/p>\n<p><strong>DEGRESSIVE PREISE JE NACH MENGE.<\/strong><\/p>\n<p><strong>F\u00fcr weitere Informationen kontaktieren Sie mich bitte.<\/strong><\/p>\n<p><a href=\"mailto:info@apimat.ch\"><strong>info@apimat.ch<\/strong><\/a><\/p>\n<p><strong>Telefon: 076 213 80 33<\/strong><\/p>\n<p><strong>BESUCHE NACH ERNENNUNG 7\/7 Tage<\/strong><\/p>\n","protected":false},"excerpt":{"rendered":"<p>Abf\u00fcllkessel aus Edelstahl Wasserhahn Ihrer Wahl &#8211; 100 kg ( mit Griffen ) Reifer, Fassungsverm\u00f6gen 100 kg Honig, komplett aus Edelstahl, Durchmesser \u00d8 380 mm &#8211; H 665 mm, mit \u00d8 40 mm Hahn aus lebensmittelechtem Kunststoff und Deckel. DEGRESSIVE PREISE JE NACH MENGE. F\u00fcr weitere Informationen kontaktieren Sie mich bitte. info@apimat.ch Telefon: 076 213 [&hellip;]<\/p>\n","protected":false},"featured_media":14190,"template":"","meta":{"_uf_show_specific_survey":0,"_uf_disable_surveys":false},"product_cat":[108,1120],"product_tag":[],"aioseo_notices":[],"_links":{"self":[{"href":"https:\/\/apimat.ch\/de\/wp-json\/wp\/v2\/product\/6569"}],"collection":[{"href":"https:\/\/apimat.ch\/de\/wp-json\/wp\/v2\/product"}],"about":[{"href":"https:\/\/apimat.ch\/de\/wp-json\/wp\/v2\/types\/product"}],"wp:featuredmedia":[{"embeddable":true,"href":"https:\/\/apimat.ch\/de\/wp-json\/wp\/v2\/media\/14190"}],"wp:attachment":[{"href":"https:\/\/apimat.ch\/de\/wp-json\/wp\/v2\/media?parent=6569"}],"wp:term":[{"taxonomy":"product_cat","embeddable":true,"href":"https:\/\/apimat.ch\/de\/wp-json\/wp\/v2\/product_cat?post=6569"},{"taxonomy":"product_tag","embeddable":true,"href":"https:\/\/apimat.ch\/de\/wp-json\/wp\/v2\/product_tag?post=6569"}],"curies":[{"name":"wp","href":"https:\/\/api.w.org\/{rel}","templated":true}]}}