{"id":6587,"date":"2018-11-14T19:11:47","date_gmt":"2019-12-26T15:39:44","guid":{"rendered":"https:\/\/apimat.ch\/?post_type=product&#038;p=6587"},"modified":"2024-03-03T10:08:42","modified_gmt":"2024-03-03T09:08:42","slug":"herrenfassung-mit-gepraegtem-wachs-apimat-exklusivitaet","status":"publish","type":"product","link":"https:\/\/apimat.ch\/de\/produit\/herrenfassung-mit-gepraegtem-wachs-apimat-exklusivitaet\/","title":{"rendered":"Drohnenrahme mit Waben &#8211; exklusiv bei Apimat"},"content":{"rendered":"<p>Drohnenrahme mit Waben &#8211; exklusiv bei Apimat<\/p>\n<p>Eine effektive Praxis f\u00fcr den Fang von Varroamilben w\u00e4hrend der Saison ist das Aufstellen eines m\u00e4nnlichen Rahmens auf der Brutbank.<\/p>\n<p>Dies ist ein sehr effektives Produkt zur Reduzierung von Varroamilben bei gleichzeitigem einfachen und sauberen Schnitt der m\u00e4nnlichen Brut.<\/p>\n<p><strong>DEGRESSIVE PREISE JE NACH MENGE.<\/strong><\/p>\n<p><strong>F\u00fcr weitere Informationen kontaktieren Sie mich bitte.<\/strong><\/p>\n<p><a href=\"mailto:info@apimat.ch\"><strong>info@apimat.ch<\/strong><\/a><\/p>\n<p><strong>Telefon: 076 213 80 33<\/strong><\/p>\n","protected":false},"excerpt":{"rendered":"<p>Drohnenrahme mit Waben &#8211; exklusiv bei Apimat Eine effektive Praxis f\u00fcr den Fang von Varroamilben w\u00e4hrend der Saison ist das Aufstellen eines m\u00e4nnlichen Rahmens auf der Brutbank. Dies ist ein sehr effektives Produkt zur Reduzierung von Varroamilben bei gleichzeitigem einfachen und sauberen Schnitt der m\u00e4nnlichen Brut. DEGRESSIVE PREISE JE NACH MENGE. F\u00fcr weitere Informationen kontaktieren [&hellip;]<\/p>\n","protected":false},"featured_media":28756,"template":"","meta":{"_uf_show_specific_survey":0,"_uf_disable_surveys":false},"product_cat":[1060,103],"product_tag":[],"aioseo_notices":[],"_links":{"self":[{"href":"https:\/\/apimat.ch\/de\/wp-json\/wp\/v2\/product\/6587"}],"collection":[{"href":"https:\/\/apimat.ch\/de\/wp-json\/wp\/v2\/product"}],"about":[{"href":"https:\/\/apimat.ch\/de\/wp-json\/wp\/v2\/types\/product"}],"wp:featuredmedia":[{"embeddable":true,"href":"https:\/\/apimat.ch\/de\/wp-json\/wp\/v2\/media\/28756"}],"wp:attachment":[{"href":"https:\/\/apimat.ch\/de\/wp-json\/wp\/v2\/media?parent=6587"}],"wp:term":[{"taxonomy":"product_cat","embeddable":true,"href":"https:\/\/apimat.ch\/de\/wp-json\/wp\/v2\/product_cat?post=6587"},{"taxonomy":"product_tag","embeddable":true,"href":"https:\/\/apimat.ch\/de\/wp-json\/wp\/v2\/product_tag?post=6587"}],"curies":[{"name":"wp","href":"https:\/\/api.w.org\/{rel}","templated":true}]}}