{"id":6602,"date":"2018-07-21T14:37:27","date_gmt":"2019-12-26T16:14:28","guid":{"rendered":"https:\/\/apimat.ch\/?post_type=product&#038;p=6602"},"modified":"2026-01-31T17:03:22","modified_gmt":"2026-01-31T16:03:22","slug":"apidea-ameisensaeure-diffusor","status":"publish","type":"product","link":"https:\/\/apimat.ch\/de\/produit\/apidea-ameisensaeure-diffusor\/","title":{"rendered":"APIDEA Ameisens\u00e4urediffusor"},"content":{"rendered":"<p>APIDEA Ameisens\u00e4urediffusor<\/p>\n<p>Mit Schwammtuch zum Verdampfen der Ameisens\u00e4ure. Abmessung: 29,7\u00d722,2\u00d71cm. Ideal f\u00fcr die Behandlung von Bienenst\u00f6cken und Bienenst\u00f6cken.<\/p>\n<p><strong>F\u00fcr weitere Informationen kontaktieren Sie mich bitte.<\/strong><\/p>\n<p><a href=\"mailto:info@apimat.ch\"><strong>info@apimat.ch<\/strong><\/a><\/p>\n<p><strong>Telefon: 076 213 80 33<\/strong><\/p>\n","protected":false},"excerpt":{"rendered":"<p>APIDEA Ameisens\u00e4urediffusor Mit Schwammtuch zum Verdampfen der Ameisens\u00e4ure. Abmessung: 29,7\u00d722,2\u00d71cm. Ideal f\u00fcr die Behandlung von Bienenst\u00f6cken und Bienenst\u00f6cken. F\u00fcr weitere Informationen kontaktieren Sie mich bitte. info@apimat.ch Telefon: 076 213 80 33<\/p>\n","protected":false},"featured_media":41879,"template":"","meta":{"_uf_show_specific_survey":0,"_uf_disable_surveys":false},"product_cat":[390,1060],"product_tag":[],"aioseo_notices":[],"_links":{"self":[{"href":"https:\/\/apimat.ch\/de\/wp-json\/wp\/v2\/product\/6602"}],"collection":[{"href":"https:\/\/apimat.ch\/de\/wp-json\/wp\/v2\/product"}],"about":[{"href":"https:\/\/apimat.ch\/de\/wp-json\/wp\/v2\/types\/product"}],"wp:featuredmedia":[{"embeddable":true,"href":"https:\/\/apimat.ch\/de\/wp-json\/wp\/v2\/media\/41879"}],"wp:attachment":[{"href":"https:\/\/apimat.ch\/de\/wp-json\/wp\/v2\/media?parent=6602"}],"wp:term":[{"taxonomy":"product_cat","embeddable":true,"href":"https:\/\/apimat.ch\/de\/wp-json\/wp\/v2\/product_cat?post=6602"},{"taxonomy":"product_tag","embeddable":true,"href":"https:\/\/apimat.ch\/de\/wp-json\/wp\/v2\/product_tag?post=6602"}],"curies":[{"name":"wp","href":"https:\/\/api.w.org\/{rel}","templated":true}]}}