{"id":6604,"date":"2018-07-12T22:47:42","date_gmt":"2019-12-26T16:17:33","guid":{"rendered":"https:\/\/apimat.ch\/?post_type=product&#038;p=6604"},"modified":"2026-02-03T17:08:42","modified_gmt":"2026-02-03T16:08:42","slug":"karton-mit-300-1kg-lebensmittelechten-kunststoffglaesern-mit-originalitaetsverschluss","status":"publish","type":"product","link":"https:\/\/apimat.ch\/de\/produit\/karton-mit-300-1kg-lebensmittelechten-kunststoffglaesern-mit-originalitaetsverschluss\/","title":{"rendered":"Karton mit 300 Gl\u00e4schen 1 kg aus Lebensmittelkunststoff mit Originalit\u00e4tssicherung"},"content":{"rendered":"<p>Karton mit 300 Gl\u00e4schen 1 kg aus Lebensmittelkunststoff mit Originalit\u00e4tssicherung<\/p>\n<p>Karton mit 300 1KG lebensmittelechten Kunststoffgl\u00e4sern mit Originalit\u00e4tsverschluss<\/p>\n<p>Unverletzliche, transparente oder opake PAL-Dose mit Siebdruck &#8220;Swiss Honey&#8221;.<\/p>\n<p><strong>DEGRESSIVE PREISE JE NACH MENGE<\/strong><\/p>\n<p><strong>F\u00fcr weitere Informationen kontaktieren Sie mich bitte.<\/strong><\/p>\n<p><a href=\"mailto:info@apimat.ch\"><strong>info@apimat.ch<\/strong><\/a><\/p>\n<p><strong>Telefon: 076 213 80 33<\/strong><\/p>\n","protected":false},"excerpt":{"rendered":"<p>Karton mit 300 Gl\u00e4schen 1 kg aus Lebensmittelkunststoff mit Originalit\u00e4tssicherung Karton mit 300 1KG lebensmittelechten Kunststoffgl\u00e4sern mit Originalit\u00e4tsverschluss Unverletzliche, transparente oder opake PAL-Dose mit Siebdruck &#8220;Swiss Honey&#8221;. DEGRESSIVE PREISE JE NACH MENGE F\u00fcr weitere Informationen kontaktieren Sie mich bitte. info@apimat.ch Telefon: 076 213 80 33<\/p>\n","protected":false},"featured_media":41957,"template":"","meta":{"_uf_show_specific_survey":0,"_uf_disable_surveys":false},"product_cat":[106],"product_tag":[],"aioseo_notices":[],"_links":{"self":[{"href":"https:\/\/apimat.ch\/de\/wp-json\/wp\/v2\/product\/6604"}],"collection":[{"href":"https:\/\/apimat.ch\/de\/wp-json\/wp\/v2\/product"}],"about":[{"href":"https:\/\/apimat.ch\/de\/wp-json\/wp\/v2\/types\/product"}],"wp:featuredmedia":[{"embeddable":true,"href":"https:\/\/apimat.ch\/de\/wp-json\/wp\/v2\/media\/41957"}],"wp:attachment":[{"href":"https:\/\/apimat.ch\/de\/wp-json\/wp\/v2\/media?parent=6604"}],"wp:term":[{"taxonomy":"product_cat","embeddable":true,"href":"https:\/\/apimat.ch\/de\/wp-json\/wp\/v2\/product_cat?post=6604"},{"taxonomy":"product_tag","embeddable":true,"href":"https:\/\/apimat.ch\/de\/wp-json\/wp\/v2\/product_tag?post=6604"}],"curies":[{"name":"wp","href":"https:\/\/api.w.org\/{rel}","templated":true}]}}