{"id":6621,"date":"2018-05-29T12:04:33","date_gmt":"2019-12-26T16:30:30","guid":{"rendered":"https:\/\/apimat.ch\/?post_type=product&#038;p=6621"},"modified":"2020-12-01T14:41:46","modified_gmt":"2020-12-01T13:41:46","slug":"extracteur-tangentiel-economique-compose-de-trois-parties-pour-4-cadres-de-hausse-dadant","status":"publish","type":"product","link":"https:\/\/apimat.ch\/de\/produit\/extracteur-tangentiel-economique-compose-de-trois-parties-pour-4-cadres-de-hausse-dadant\/","title":{"rendered":"Wirtschaftlicher Honigschleuder tangential bestehend aus drei Teilen f\u00fcr 4 Dadant Honigrahmen"},"content":{"rendered":"<p>Wirtschaftlicher Honigschleuder tangential bestehend aus drei Teilen f\u00fcr 4 Dadant Honigrahmen<\/p>\n<p>Wirtschaftliche Tangentialschleuder f\u00fcr 4 Steigrohrrahmen oder 2 Dadant-K\u00f6rperrahmen, bestehend aus drei Teilen, der obere Teil ist die Schleuder mit gelochtem Boden, um den Honig nach unten flie\u00dfen zu lassen, versehen mit Haken zur Befestigung am Boden, dem Filter aus rostfreiem Stahlgitter AISI 304, herausnehmbar und, unten, der 50 kg schweren Reifemaschine, mit Kunststoffhahn \u00d8 40 mm.<\/p>\n<p><strong>SO SCHNELL WIE M\u00d6GLICH ZU RESERVIEREN, ERFOLGEN LIEFERUNGEN PER POSTR\u00dcCKLAUF.<\/strong><\/p>\n<p><strong>F\u00fcr weitere Informationen kontaktieren Sie mich bitte.<\/strong><\/p>\n<p><a href=\"mailto:info@apimat.ch\"><strong>info@apimat.ch<\/strong><\/a><\/p>\n<p><strong>Telefon: 076 213 80 33<\/strong><\/p>\n<p><strong>BESUCHE NACH ERNENNUNG 7\/7 Tage<\/strong><\/p>\n","protected":false},"excerpt":{"rendered":"<p>Wirtschaftlicher Honigschleuder tangential bestehend aus drei Teilen f\u00fcr 4 Dadant Honigrahmen Wirtschaftliche Tangentialschleuder f\u00fcr 4 Steigrohrrahmen oder 2 Dadant-K\u00f6rperrahmen, bestehend aus drei Teilen, der obere Teil ist die Schleuder mit gelochtem Boden, um den Honig nach unten flie\u00dfen zu lassen, versehen mit Haken zur Befestigung am Boden, dem Filter aus rostfreiem Stahlgitter AISI 304, herausnehmbar [&hellip;]<\/p>\n","protected":false},"featured_media":14323,"template":"","meta":{"_uf_show_specific_survey":0,"_uf_disable_surveys":false},"product_cat":[1120,107],"product_tag":[],"aioseo_notices":[],"_links":{"self":[{"href":"https:\/\/apimat.ch\/de\/wp-json\/wp\/v2\/product\/6621"}],"collection":[{"href":"https:\/\/apimat.ch\/de\/wp-json\/wp\/v2\/product"}],"about":[{"href":"https:\/\/apimat.ch\/de\/wp-json\/wp\/v2\/types\/product"}],"wp:featuredmedia":[{"embeddable":true,"href":"https:\/\/apimat.ch\/de\/wp-json\/wp\/v2\/media\/14323"}],"wp:attachment":[{"href":"https:\/\/apimat.ch\/de\/wp-json\/wp\/v2\/media?parent=6621"}],"wp:term":[{"taxonomy":"product_cat","embeddable":true,"href":"https:\/\/apimat.ch\/de\/wp-json\/wp\/v2\/product_cat?post=6621"},{"taxonomy":"product_tag","embeddable":true,"href":"https:\/\/apimat.ch\/de\/wp-json\/wp\/v2\/product_tag?post=6621"}],"curies":[{"name":"wp","href":"https:\/\/api.w.org\/{rel}","templated":true}]}}