{"id":6625,"date":"2018-05-29T08:51:24","date_gmt":"2019-12-26T16:34:41","guid":{"rendered":"https:\/\/apimat.ch\/?post_type=product&#038;p=6625"},"modified":"2025-06-19T17:17:41","modified_gmt":"2025-06-19T15:17:41","slug":"extracteur-radiaire-motorise-en-inox-pour-28-cadres-de-hausse-dadant-et-moteur-electrique-gamma","status":"publish","type":"product","link":"https:\/\/apimat.ch\/de\/produit\/extracteur-radiaire-motorise-en-inox-pour-28-cadres-de-hausse-dadant-et-moteur-electrique-gamma\/","title":{"rendered":"Motorisierter Honigschleuder radial GAMMA aus Edelstahl f\u00fcr 28 Dadant-Honigrahmen und 12 CH, 12 Deutsch Normal, 12 Zander, 12 Langstroth"},"content":{"rendered":"<h3>Motorisierter Honigschleuder radial GAMMA aus Edelstahl f\u00fcr:<\/h3>\n<ul>\n<li>\n<h3>28 Dadant-Honigrahmen<\/h3>\n<\/li>\n<li>\n<h3>12 Schweier Kasten Honigrahmen CH und Schneider<\/h3>\n<\/li>\n<li>\n<h3>12 Deutsch Normal<\/h3>\n<\/li>\n<li>\n<h3>12 Zander<\/h3>\n<\/li>\n<li>\n<h3>12 Langstroth<\/h3>\n<\/li>\n<\/ul>\n<h3>Mit dem Gitter k\u00f6nnen Sie auch extrahieren: <a href=\"https:\/\/apimat.ch\/de\/produit\/gitter-zum-schleudern-von-brutrahmen-lega-schleudern\/\">https:\/\/apimat.ch\/de\/produit\/gitter-zum-schleudern-von-brutrahmen-lega-schleudern\/<\/a><\/h3>\n<ul>\n<li>\n<h3>4 Dadant-Brutrahmen<\/h3>\n<\/li>\n<li>\n<h3>4 Schweier Kasten Brutrahmen CH und Schneider<\/h3>\n<\/li>\n<li>\n<h3>4 Layens<\/h3>\n<\/li>\n<\/ul>\n<p>Die Absaugung ist f\u00fcr Imker mit Bienenst\u00f6cken des Modells DADANT oder mit Bienenst\u00f6cken \u00e4hnlicher Abmessungen bestimmt. Ausgestattet mit einem Strahlungsk\u00e4fig aus Edelstahl AISI 304 mit einfacher Beladung, der 28 Dadant-Rahmen enth\u00e4lt, mit einem sehr soliden Edelstahlbeh\u00e4lter mit \u00d8 700 mm Durchmesser. Die Oberkante ist abgerundet, um dem Beh\u00e4lter eine hohe axiale Steifigkeit zu verleihen. Der Boden ist eine der interessantesten Eigenschaften; er wird mit dem TIG-System geschwei\u00dft und hat eine besondere Form, um eine vollst\u00e4ndige Entleerung zu erreichen. Die Buchse in der Mitte des Bodens ist aus rostfreiem Stahl, mit Kugellager. Der K\u00e4fig wird durch den neuen, unter dem Boden montierten Niederspannungs-Elektromotor in Rotation versetzt, mit der M\u00f6glichkeit der Einstellung zwischen 0 und 460 U\/min. Der Deckel ist mit einer Sicherheitsverriegelung versehen, um ein \u00d6ffnen bei bewegtem K\u00e4fig zu verhindern. Drei \u00fcbergro\u00dfe und ofenlackierte F\u00fc\u00dfe komplettieren den Dunstabzug. Der Hahn ist aus lebensmittelechtem Kunststoff \u00d8 40 mm gefertigt. Dieses Modell hat eine spezielle Form, die f\u00fcr die vollst\u00e4ndige Entleerung des Honigs konzipiert und mit dem TIG-System geschwei\u00dft wurde.<br \/>\nSehr wichtig ist der multifunktionale K\u00e4fig aus lasergeschnittenem Edelstahl, der sowohl 28 Dadant Riser-Rahmen als auch 12 Langstroth-Rahmen aufnehmen kann. Im selben K\u00e4fig k\u00f6nnen 4 Dadant-Aufbaurahmen gestapelt werden, mit der Erg\u00e4nzung von 4 zus\u00e4tzlichen Platten (nicht im Preis enthalten).<br \/>\nDer neue italienische und sehr ger\u00e4uscharme Motor der Niederspannungsreihe, der unter dem pneumatischen Abstreifer montiert ist, wodurch der gesamte obere Teil frei und mit sehr einfachen Steuerungen f\u00fcr die Geschwindigkeitsregulierung ist.<br \/>\nDie neuen Beine mit der eleganten Kr\u00fcmmung geben der Gie\u00dferei Stabilit\u00e4t und absorbieren einen Teil der Vibrationen.<\/p>\n<p><strong>TECHNISCHE DATEN<\/strong><\/p>\n<p><strong>Konstruktion aus rostfreiem Stahl AISI 304<\/strong><br \/>\n<strong>Durchmesser \u00d8 700 mm.<\/strong><br \/>\n<strong>Die H\u00f6he des Tanks betr\u00e4gt 600 mm.<\/strong><br \/>\n<strong>Stromversorgung 220 V-24 V<\/strong><br \/>\n<strong>Maximale Aufnahme 120W<\/strong><br \/>\n<strong>Variable Drehzahl von 0 bis 420 U\/min (r\u00fcckw\u00e4rts)<\/strong><br \/>\n<strong>K\u00e4figkapazit\u00e4t:<\/strong><br \/>\n<strong>28 Vaterschaftsrahmen<\/strong><br \/>\n<strong>12 Rahmen Langstroth<\/strong><\/p>\n<p><strong>SO SCHNELL WIE M\u00d6GLICH ZU RESERVIEREN, DIE LIEFERUNGEN ERFOLGEN PER POSTR\u00dcCKLAUF.<\/strong><\/p>\n<p><strong>F\u00fcr weitere Informationen kontaktieren Sie mich bitte.<\/strong><\/p>\n<p><a href=\"mailto:info@apimat.ch\"><strong>info@apimat.ch<\/strong><\/a><\/p>\n<p><strong>Telefon: 076 213 80 33<\/strong><\/p>\n<p><strong>BESUCHE NACH ERNENNUNG 7\/7 Tage<\/strong><\/p>\n","protected":false},"excerpt":{"rendered":"<p>Motorisierter Honigschleuder radial GAMMA aus Edelstahl f\u00fcr: 28 Dadant-Honigrahmen 12 Schweier Kasten Honigrahmen CH und Schneider 12 Deutsch Normal 12 Zander 12 Langstroth Mit dem Gitter k\u00f6nnen Sie auch extrahieren: https:\/\/apimat.ch\/de\/produit\/gitter-zum-schleudern-von-brutrahmen-lega-schleudern\/ 4 Dadant-Brutrahmen 4 Schweier Kasten Brutrahmen CH und Schneider 4 Layens Die Absaugung ist f\u00fcr Imker mit Bienenst\u00f6cken des Modells DADANT oder mit Bienenst\u00f6cken [&hellip;]<\/p>\n","protected":false},"featured_media":12269,"template":"","meta":{"_uf_show_specific_survey":0,"_uf_disable_surveys":false},"product_cat":[1120,107],"product_tag":[],"aioseo_notices":[],"_links":{"self":[{"href":"https:\/\/apimat.ch\/de\/wp-json\/wp\/v2\/product\/6625"}],"collection":[{"href":"https:\/\/apimat.ch\/de\/wp-json\/wp\/v2\/product"}],"about":[{"href":"https:\/\/apimat.ch\/de\/wp-json\/wp\/v2\/types\/product"}],"wp:featuredmedia":[{"embeddable":true,"href":"https:\/\/apimat.ch\/de\/wp-json\/wp\/v2\/media\/12269"}],"wp:attachment":[{"href":"https:\/\/apimat.ch\/de\/wp-json\/wp\/v2\/media?parent=6625"}],"wp:term":[{"taxonomy":"product_cat","embeddable":true,"href":"https:\/\/apimat.ch\/de\/wp-json\/wp\/v2\/product_cat?post=6625"},{"taxonomy":"product_tag","embeddable":true,"href":"https:\/\/apimat.ch\/de\/wp-json\/wp\/v2\/product_tag?post=6625"}],"curies":[{"name":"wp","href":"https:\/\/api.w.org\/{rel}","templated":true}]}}