{"id":6628,"date":"2018-05-29T08:32:02","date_gmt":"2019-12-26T16:37:39","guid":{"rendered":"https:\/\/apimat.ch\/?post_type=product&#038;p=6628"},"modified":"2021-10-02T12:06:13","modified_gmt":"2021-10-02T10:06:13","slug":"motorisierte-kuehlerabsaugung-aus-edelstahl-fuer-20-dadant-hubrahmen-und-eloba-elektromotor","status":"publish","type":"product","link":"https:\/\/apimat.ch\/de\/produit\/motorisierte-kuehlerabsaugung-aus-edelstahl-fuer-20-dadant-hubrahmen-und-eloba-elektromotor\/","title":{"rendered":"Motorisierter Honigschleuder radial TOP aus Edelstahl f\u00fcr 20 Dadant-Honigrahmen und 12 Deutsch Normal, 12 Zander (andere Formate mit Gitter)"},"content":{"rendered":"<h3>Motorisierter Honigschleuder radial TOP aus Edelstahl f\u00fcr:<\/h3>\n<ul>\n<li>\n<h3>20 Dadant-Honigrahmen<\/h3>\n<\/li>\n<li>\n<h3>12 Deutsch Normal<\/h3>\n<\/li>\n<li>\n<h3>12 Zander<\/h3>\n<\/li>\n<\/ul>\n<h3>Mit dem Gitter k\u00f6nnen Sie auch extrahieren: <a href=\"https:\/\/apimat.ch\/de\/produit\/gitter-zum-schleudern-von-brutrahmen-lega-schleudern\/\">https:\/\/apimat.ch\/de\/produit\/gitter-zum-schleudern-von-brutrahmen-lega-schleudern\/<\/a><\/h3>\n<ul>\n<li>\n<h3>4 Dadant-Brutrahmen<\/h3>\n<\/li>\n<li>\n<h3>4 Schweier Kasten Brutrahmen CH und Schneider<\/h3>\n<\/li>\n<li>\n<h3>4 Layens<\/h3>\n<\/li>\n<\/ul>\n<p>&nbsp;<\/p>\n<p>Motorisierter Radialabzug mit Beh\u00e4lter \u00d8 630 mm, mit K\u00e4fig aus rostfreiem Stahl AISI 304 f\u00fcr eine einfache Bef\u00fcllung, f\u00fcr 20 Hubrahmen Dadant, mit Niederspannungs-Elektromotor ELOBA und variabler Drehzahlregelung zwischen 0 und 460 U\/min, Kunststoffhahn \u00d8 40 mm, drei \u00fcberdimensionale F\u00fc\u00dfe und Kunststoffabdeckung.<\/p>\n<p><strong>SO SCHNELL WIE M\u00d6GLICH ZU RESERVIEREN, WERDEN DIE LIEFERUNGEN PER POST ZUR\u00dcCKGESCHICKT.<\/strong><\/p>\n<p><strong>F\u00fcr weitere Informationen kontaktieren Sie mich bitte.<\/strong><\/p>\n<p><a href=\"mailto:info@apimat.ch\"><strong>info@apimat.ch<\/strong><\/a><\/p>\n<p><strong>Telefon: 076 213 80 33<\/strong><\/p>\n<p><strong>BESUCHE NACH ERNENNUNG 7\/7 Tage<\/strong><\/p>\n","protected":false},"excerpt":{"rendered":"<p>Motorisierter Honigschleuder radial TOP aus Edelstahl f\u00fcr: 20 Dadant-Honigrahmen 12 Deutsch Normal 12 Zander Mit dem Gitter k\u00f6nnen Sie auch extrahieren: https:\/\/apimat.ch\/de\/produit\/gitter-zum-schleudern-von-brutrahmen-lega-schleudern\/ 4 Dadant-Brutrahmen 4 Schweier Kasten Brutrahmen CH und Schneider 4 Layens &nbsp; Motorisierter Radialabzug mit Beh\u00e4lter \u00d8 630 mm, mit K\u00e4fig aus rostfreiem Stahl AISI 304 f\u00fcr eine einfache Bef\u00fcllung, f\u00fcr 20 Hubrahmen [&hellip;]<\/p>\n","protected":false},"featured_media":14346,"template":"","meta":{"_uf_show_specific_survey":0,"_uf_disable_surveys":false},"product_cat":[1120,107],"product_tag":[],"aioseo_notices":[],"_links":{"self":[{"href":"https:\/\/apimat.ch\/de\/wp-json\/wp\/v2\/product\/6628"}],"collection":[{"href":"https:\/\/apimat.ch\/de\/wp-json\/wp\/v2\/product"}],"about":[{"href":"https:\/\/apimat.ch\/de\/wp-json\/wp\/v2\/types\/product"}],"wp:featuredmedia":[{"embeddable":true,"href":"https:\/\/apimat.ch\/de\/wp-json\/wp\/v2\/media\/14346"}],"wp:attachment":[{"href":"https:\/\/apimat.ch\/de\/wp-json\/wp\/v2\/media?parent=6628"}],"wp:term":[{"taxonomy":"product_cat","embeddable":true,"href":"https:\/\/apimat.ch\/de\/wp-json\/wp\/v2\/product_cat?post=6628"},{"taxonomy":"product_tag","embeddable":true,"href":"https:\/\/apimat.ch\/de\/wp-json\/wp\/v2\/product_tag?post=6628"}],"curies":[{"name":"wp","href":"https:\/\/api.w.org\/{rel}","templated":true}]}}