{"id":6646,"date":"2018-03-13T23:26:31","date_gmt":"2019-12-26T17:01:01","guid":{"rendered":"https:\/\/apimat.ch\/?post_type=product&#038;p=6646"},"modified":"2023-10-12T19:24:56","modified_gmt":"2023-10-12T17:24:56","slug":"erhoehung-fuer-apidea","status":"publish","type":"product","link":"https:\/\/apimat.ch\/de\/produit\/erhoehung-fuer-apidea\/","title":{"rendered":"APIDEA Brutaufsatz ( Rahmen nicht inbegriffen )"},"content":{"rendered":"<p>APIDEA Brutaufsatz ( Rahmen nicht inbegriffen )<\/p>\n<p>Mit dieser Erh\u00f6hung kann der Befruchtungsbeutel um 5 kleine K\u00e4mme vergr\u00f6\u00dfert werden und die K\u00f6nigin hat die M\u00f6glichkeit, auf 10 kleinen Rahmen Eier zu legen.<\/p>\n<p>In Kombination mit dem APIDEA-F\u00fctterungszubeh\u00f6r k\u00f6nnen Sie Ihre jungen K\u00f6niginnen problemlos einige Wochen lang in Reserve halten. Mit 4 Stacheln, die auf dem Brutstock gestapelt sind, k\u00f6nnen Sie die jungen K\u00f6niginnen f\u00fcr das folgende Jahr \u00fcberwintern.<\/p>\n<p><strong>DEGRESSIVE PREISE JE NACH MENGE.<\/strong><\/p>\n<p><strong>F\u00fcr weitere Informationen kontaktieren Sie mich bitte.<\/strong><\/p>\n<p><a href=\"mailto:info@apimat.ch\"><strong>info@apimat.ch<\/strong><\/a><\/p>\n<p><strong>Telefon: 076 213 80 33<\/strong><\/p>\n","protected":false},"excerpt":{"rendered":"<p>APIDEA Brutaufsatz ( Rahmen nicht inbegriffen ) Mit dieser Erh\u00f6hung kann der Befruchtungsbeutel um 5 kleine K\u00e4mme vergr\u00f6\u00dfert werden und die K\u00f6nigin hat die M\u00f6glichkeit, auf 10 kleinen Rahmen Eier zu legen. In Kombination mit dem APIDEA-F\u00fctterungszubeh\u00f6r k\u00f6nnen Sie Ihre jungen K\u00f6niginnen problemlos einige Wochen lang in Reserve halten. Mit 4 Stacheln, die auf dem [&hellip;]<\/p>\n","protected":false},"featured_media":41901,"template":"","meta":{"_uf_show_specific_survey":0,"_uf_disable_surveys":false},"product_cat":[95,1060],"product_tag":[],"aioseo_notices":[],"_links":{"self":[{"href":"https:\/\/apimat.ch\/de\/wp-json\/wp\/v2\/product\/6646"}],"collection":[{"href":"https:\/\/apimat.ch\/de\/wp-json\/wp\/v2\/product"}],"about":[{"href":"https:\/\/apimat.ch\/de\/wp-json\/wp\/v2\/types\/product"}],"wp:featuredmedia":[{"embeddable":true,"href":"https:\/\/apimat.ch\/de\/wp-json\/wp\/v2\/media\/41901"}],"wp:attachment":[{"href":"https:\/\/apimat.ch\/de\/wp-json\/wp\/v2\/media?parent=6646"}],"wp:term":[{"taxonomy":"product_cat","embeddable":true,"href":"https:\/\/apimat.ch\/de\/wp-json\/wp\/v2\/product_cat?post=6646"},{"taxonomy":"product_tag","embeddable":true,"href":"https:\/\/apimat.ch\/de\/wp-json\/wp\/v2\/product_tag?post=6646"}],"curies":[{"name":"wp","href":"https:\/\/api.w.org\/{rel}","templated":true}]}}