{"id":6649,"date":"2018-03-13T23:19:41","date_gmt":"2019-12-26T17:04:04","guid":{"rendered":"https:\/\/apimat.ch\/?post_type=product&#038;p=6649"},"modified":"2026-01-31T17:02:56","modified_gmt":"2026-01-31T16:02:56","slug":"apidea-futteraufsatz","status":"publish","type":"product","link":"https:\/\/apimat.ch\/de\/produit\/apidea-futteraufsatz\/","title":{"rendered":"APIDEA Futteraufsatz"},"content":{"rendered":"<p>APIDEA Futteraufsatz<\/p>\n<p>Braunes Schaumpolystyrol f\u00fcr die APIDEA-D\u00fcngungsbeute. H\u00f6he 5,5 cm. Fassungsverm\u00f6gen ca. 1,2 kg Futterteig.<\/p>\n<p>Der Futterspie\u00df kann mit dem transparenten Deckel der Basiseinheit verschlossen werden. Diese Futtersteigleitung erm\u00f6glicht es dem Imker, mehr Reserven in den Bergstationen zu lagern. Der Bienenstock kann 5 kleine Rahmen und mehr Bienen aufnehmen. So k\u00f6nnen die befruchteten K\u00f6niginnen f\u00fcr einige Zeit in Reserve gehalten werden.<\/p>\n<p><strong>DEGRESSIVE PREISE JE NACH MENGE.<\/strong><\/p>\n<p><strong>F\u00fcr weitere Informationen kontaktieren Sie mich bitte.<\/strong><\/p>\n<p><a href=\"mailto:info@apimat.ch\"><strong>info@apimat.ch<\/strong><\/a><\/p>\n<p><strong>Telefon: 076 213 80 33<\/strong><\/p>\n","protected":false},"excerpt":{"rendered":"<p>APIDEA Futteraufsatz Braunes Schaumpolystyrol f\u00fcr die APIDEA-D\u00fcngungsbeute. H\u00f6he 5,5 cm. Fassungsverm\u00f6gen ca. 1,2 kg Futterteig. Der Futterspie\u00df kann mit dem transparenten Deckel der Basiseinheit verschlossen werden. Diese Futtersteigleitung erm\u00f6glicht es dem Imker, mehr Reserven in den Bergstationen zu lagern. Der Bienenstock kann 5 kleine Rahmen und mehr Bienen aufnehmen. So k\u00f6nnen die befruchteten K\u00f6niginnen f\u00fcr [&hellip;]<\/p>\n","protected":false},"featured_media":41877,"template":"","meta":{"_uf_show_specific_survey":0,"_uf_disable_surveys":false},"product_cat":[95,1060],"product_tag":[],"aioseo_notices":[],"_links":{"self":[{"href":"https:\/\/apimat.ch\/de\/wp-json\/wp\/v2\/product\/6649"}],"collection":[{"href":"https:\/\/apimat.ch\/de\/wp-json\/wp\/v2\/product"}],"about":[{"href":"https:\/\/apimat.ch\/de\/wp-json\/wp\/v2\/types\/product"}],"wp:featuredmedia":[{"embeddable":true,"href":"https:\/\/apimat.ch\/de\/wp-json\/wp\/v2\/media\/41877"}],"wp:attachment":[{"href":"https:\/\/apimat.ch\/de\/wp-json\/wp\/v2\/media?parent=6649"}],"wp:term":[{"taxonomy":"product_cat","embeddable":true,"href":"https:\/\/apimat.ch\/de\/wp-json\/wp\/v2\/product_cat?post=6649"},{"taxonomy":"product_tag","embeddable":true,"href":"https:\/\/apimat.ch\/de\/wp-json\/wp\/v2\/product_tag?post=6649"}],"curies":[{"name":"wp","href":"https:\/\/api.w.org\/{rel}","templated":true}]}}