{"id":6654,"date":"2018-02-03T17:46:42","date_gmt":"2019-12-26T17:12:38","guid":{"rendered":"https:\/\/apimat.ch\/?post_type=product&#038;p=6654"},"modified":"2022-10-30T08:05:16","modified_gmt":"2022-10-30T07:05:16","slug":"edelstahldrahtgewebe-fuer-die-ameisensaeurebehandlung-dadant-10-rahmen-apimat-exklusivitaet","status":"publish","type":"product","link":"https:\/\/apimat.ch\/de\/produit\/edelstahldrahtgewebe-fuer-die-ameisensaeurebehandlung-dadant-10-rahmen-apimat-exklusivitaet\/","title":{"rendered":"Gitter aus rostfreiem Stahldraht zur Ameisens\u00e4urebehandlung &#8211; Dadant 10 Rahmen exklusiv bei Apimat"},"content":{"rendered":"<p>Gitter aus rostfreiem Stahldraht zur Ameisens\u00e4urebehandlung &#8211; Dadant 10 Rahmen exklusiv bei Apimat<\/p>\n<p>Rahmenabdeckungen mit Edelstahldrahtgewebe NFR 18 f\u00fcr die Dichtung aus AISI 316 zur Behandlung mit Ameisens\u00e4ure.<\/p>\n<p><img loading=\"lazy\" decoding=\"async\" class=\"alignnone size-medium wp-image-4162\" src=\"https:\/\/apimat.ch\/wp-content\/uploads\/2018\/12\/Apimat_instructions_traitement_formique-300x212.jpg\" alt=\"\" width=\"300\" height=\"212\" srcset=\"https:\/\/apimat.ch\/wp-content\/uploads\/2018\/12\/Apimat_instructions_traitement_formique-300x212.jpg 300w, https:\/\/apimat.ch\/wp-content\/uploads\/2018\/12\/Apimat_instructions_traitement_formique-600x425.jpg 600w, https:\/\/apimat.ch\/wp-content\/uploads\/2018\/12\/Apimat_instructions_traitement_formique-768x544.jpg 768w, https:\/\/apimat.ch\/wp-content\/uploads\/2018\/12\/Apimat_instructions_traitement_formique.jpg 1024w, https:\/\/apimat.ch\/wp-content\/uploads\/2018\/12\/Apimat_instructions_traitement_formique-400x284.jpg 400w, https:\/\/apimat.ch\/wp-content\/uploads\/2018\/12\/Apimat_instructions_traitement_formique-150x106.jpg 150w\" sizes=\"(max-width: 300px) 100vw, 300px\" \/><\/p>\n<p><strong>DEGRESSIVE PREISE JE NACH MENGE.<\/strong><\/p>\n<p><strong>F\u00fcr weitere Informationen kontaktieren Sie mich bitte.<\/strong><\/p>\n<p><a href=\"mailto:info@apimat.ch\"><strong>info@apimat.ch<\/strong><\/a><\/p>\n<p><strong>Telefon: 076 213 80 33<\/strong><\/p>\n<p><strong>BESUCHE NACH ERNENNUNG 7\/7 Tage<\/strong><\/p>\n","protected":false},"excerpt":{"rendered":"<p>Gitter aus rostfreiem Stahldraht zur Ameisens\u00e4urebehandlung &#8211; Dadant 10 Rahmen exklusiv bei Apimat Rahmenabdeckungen mit Edelstahldrahtgewebe NFR 18 f\u00fcr die Dichtung aus AISI 316 zur Behandlung mit Ameisens\u00e4ure. DEGRESSIVE PREISE JE NACH MENGE. F\u00fcr weitere Informationen kontaktieren Sie mich bitte. info@apimat.ch Telefon: 076 213 80 33 BESUCHE NACH ERNENNUNG 7\/7 Tage<\/p>\n","protected":false},"featured_media":20704,"template":"","meta":{"_uf_show_specific_survey":0,"_uf_disable_surveys":false},"product_cat":[390,1060],"product_tag":[],"aioseo_notices":[],"_links":{"self":[{"href":"https:\/\/apimat.ch\/de\/wp-json\/wp\/v2\/product\/6654"}],"collection":[{"href":"https:\/\/apimat.ch\/de\/wp-json\/wp\/v2\/product"}],"about":[{"href":"https:\/\/apimat.ch\/de\/wp-json\/wp\/v2\/types\/product"}],"wp:featuredmedia":[{"embeddable":true,"href":"https:\/\/apimat.ch\/de\/wp-json\/wp\/v2\/media\/20704"}],"wp:attachment":[{"href":"https:\/\/apimat.ch\/de\/wp-json\/wp\/v2\/media?parent=6654"}],"wp:term":[{"taxonomy":"product_cat","embeddable":true,"href":"https:\/\/apimat.ch\/de\/wp-json\/wp\/v2\/product_cat?post=6654"},{"taxonomy":"product_tag","embeddable":true,"href":"https:\/\/apimat.ch\/de\/wp-json\/wp\/v2\/product_tag?post=6654"}],"curies":[{"name":"wp","href":"https:\/\/api.w.org\/{rel}","templated":true}]}}