{"id":6672,"date":"2017-05-15T17:38:29","date_gmt":"2019-12-26T17:26:00","guid":{"rendered":"https:\/\/apimat.ch\/?post_type=product&#038;p=6672"},"modified":"2022-03-28T19:27:16","modified_gmt":"2022-03-28T17:27:16","slug":"entdeckelungsmesser-aus-edelstahl-mit-zwei-wellenschliff-schneiden-klingenlaenge-28-cm","status":"publish","type":"product","link":"https:\/\/apimat.ch\/de\/produit\/entdeckelungsmesser-aus-edelstahl-mit-zwei-wellenschliff-schneiden-klingenlaenge-28-cm\/","title":{"rendered":"Abdecklungsmesser aus Edelstahl mit zwei gezackten Kanten, Klingenl\u00e4nge 28 cm"},"content":{"rendered":"<p>Abdecklungsmesser aus Edelstahl mit zwei gezackten Kanten, Klingenl\u00e4nge 28 cm<\/p>\n<p>Beheizbares Entdeckelungsmesser aus rostfreiem Stahl, zwei Wellenschliff-Schneiden, Klingenl\u00e4nge 28 cm<\/p>\n<p><strong>F\u00fcr weitere Informationen kontaktieren Sie mich bitte.<\/strong><\/p>\n<p><a href=\"mailto:info@apimat.ch\"><strong>info@apimat.ch<\/strong><\/a><\/p>\n<p><strong>Telefon: 076 213 80 33<\/strong><\/p>\n<p><strong>BESUCHE NACH ERNENNUNG 7\/7 Tage<\/strong><\/p>\n","protected":false},"excerpt":{"rendered":"<p>Abdecklungsmesser aus Edelstahl mit zwei gezackten Kanten, Klingenl\u00e4nge 28 cm Beheizbares Entdeckelungsmesser aus rostfreiem Stahl, zwei Wellenschliff-Schneiden, Klingenl\u00e4nge 28 cm F\u00fcr weitere Informationen kontaktieren Sie mich bitte. info@apimat.ch Telefon: 076 213 80 33 BESUCHE NACH ERNENNUNG 7\/7 Tage<\/p>\n","protected":false},"featured_media":17784,"template":"","meta":{"_uf_show_specific_survey":0,"_uf_disable_surveys":false},"product_cat":[108],"product_tag":[],"aioseo_notices":[],"_links":{"self":[{"href":"https:\/\/apimat.ch\/de\/wp-json\/wp\/v2\/product\/6672"}],"collection":[{"href":"https:\/\/apimat.ch\/de\/wp-json\/wp\/v2\/product"}],"about":[{"href":"https:\/\/apimat.ch\/de\/wp-json\/wp\/v2\/types\/product"}],"wp:featuredmedia":[{"embeddable":true,"href":"https:\/\/apimat.ch\/de\/wp-json\/wp\/v2\/media\/17784"}],"wp:attachment":[{"href":"https:\/\/apimat.ch\/de\/wp-json\/wp\/v2\/media?parent=6672"}],"wp:term":[{"taxonomy":"product_cat","embeddable":true,"href":"https:\/\/apimat.ch\/de\/wp-json\/wp\/v2\/product_cat?post=6672"},{"taxonomy":"product_tag","embeddable":true,"href":"https:\/\/apimat.ch\/de\/wp-json\/wp\/v2\/product_tag?post=6672"}],"curies":[{"name":"wp","href":"https:\/\/api.w.org\/{rel}","templated":true}]}}