{"id":6680,"date":"2017-05-15T17:26:35","date_gmt":"2019-12-26T17:33:20","guid":{"rendered":"https:\/\/apimat.ch\/?post_type=product&#038;p=6680"},"modified":"2022-08-11T17:02:44","modified_gmt":"2022-08-11T15:02:44","slug":"flasche-fuer-koenigin-markierung-5-farben","status":"publish","type":"product","link":"https:\/\/apimat.ch\/de\/produit\/flasche-fuer-koenigin-markierung-5-farben\/","title":{"rendered":"Flasche mit Farbe zur K\u00f6niginmarkierung"},"content":{"rendered":"<p>Flasche mit Farbe zur K\u00f6niginmarkierung<\/p>\n<p>Gelbe Farbe f\u00fcr die K\u00f6niginnenmarkierung (Jahr 2 &amp; 7)<br \/>\nRote Farbe f\u00fcr die K\u00f6niginnenmarkierung (Jahr 3 &amp; 8)<br \/>\nGr\u00fcne Farbe f\u00fcr die Kennzeichnung der K\u00f6nigin (Jahr 4 &amp; 9)<br \/>\nBlaue Farbe f\u00fcr die K\u00f6niginnenmarkierung (Jahr 5 &amp; 10)<br \/>\nWei\u00dfe Farbe f\u00fcr die K\u00f6niginnenmarkierung (Jahr 1 &amp; 6)<\/p>\n<p><strong>DIE PREISE SIND JE NACH MENGE DEGRESSIV.<\/strong><\/p>\n<p><strong>F\u00fcr weitere Informationen kontaktieren Sie mich bitte.<\/strong><\/p>\n<p><a href=\"mailto:info@apimat.ch\"><strong>info@apimat.ch<\/strong><\/a><\/p>\n<p><strong>Telefon: 076 213 80 33<\/strong><\/p>\n<p><strong>BESUCHE NACH ERNENNUNG 7\/7 Tage<\/strong><\/p>\n","protected":false},"excerpt":{"rendered":"<p>Flasche mit Farbe zur K\u00f6niginmarkierung Gelbe Farbe f\u00fcr die K\u00f6niginnenmarkierung (Jahr 2 &amp; 7) Rote Farbe f\u00fcr die K\u00f6niginnenmarkierung (Jahr 3 &amp; 8) Gr\u00fcne Farbe f\u00fcr die Kennzeichnung der K\u00f6nigin (Jahr 4 &amp; 9) Blaue Farbe f\u00fcr die K\u00f6niginnenmarkierung (Jahr 5 &amp; 10) Wei\u00dfe Farbe f\u00fcr die K\u00f6niginnenmarkierung (Jahr 1 &amp; 6) DIE PREISE SIND [&hellip;]<\/p>\n","protected":false},"featured_media":18990,"template":"","meta":{"_uf_show_specific_survey":0,"_uf_disable_surveys":false},"product_cat":[95],"product_tag":[],"aioseo_notices":[],"_links":{"self":[{"href":"https:\/\/apimat.ch\/de\/wp-json\/wp\/v2\/product\/6680"}],"collection":[{"href":"https:\/\/apimat.ch\/de\/wp-json\/wp\/v2\/product"}],"about":[{"href":"https:\/\/apimat.ch\/de\/wp-json\/wp\/v2\/types\/product"}],"wp:featuredmedia":[{"embeddable":true,"href":"https:\/\/apimat.ch\/de\/wp-json\/wp\/v2\/media\/18990"}],"wp:attachment":[{"href":"https:\/\/apimat.ch\/de\/wp-json\/wp\/v2\/media?parent=6680"}],"wp:term":[{"taxonomy":"product_cat","embeddable":true,"href":"https:\/\/apimat.ch\/de\/wp-json\/wp\/v2\/product_cat?post=6680"},{"taxonomy":"product_tag","embeddable":true,"href":"https:\/\/apimat.ch\/de\/wp-json\/wp\/v2\/product_tag?post=6680"}],"curies":[{"name":"wp","href":"https:\/\/api.w.org\/{rel}","templated":true}]}}