{"id":6682,"date":"2017-05-15T17:25:00","date_gmt":"2019-12-26T17:35:54","guid":{"rendered":"https:\/\/apimat.ch\/?post_type=product&#038;p=6682"},"modified":"2026-02-09T12:37:20","modified_gmt":"2026-02-09T11:37:20","slug":"zeichnungsapparat-zum-zeichen-der-koeniginnen-kolbenfoermig-mit-weicher-schaumstoffauflage","status":"publish","type":"product","link":"https:\/\/apimat.ch\/de\/produit\/zeichnungsapparat-zum-zeichen-der-koeniginnen-kolbenfoermig-mit-weicher-schaumstoffauflage\/","title":{"rendered":"Zeichnungsapparat zum Zeichen der K\u00f6niginnen, kolbenf\u00f6rmig, mit weicher Schaumstoffauflage"},"content":{"rendered":"<h3>Zeichnungsapparat zum Zeichen der K\u00f6niginnen, kolbenf\u00f6rmig, mit weicher Schaumstoffauflage<\/h3>\n<p><strong>DIE PREISE SIND JE NACH MENGE DEGRESSIV.<\/strong><\/p>\n<p><strong>F\u00fcr weitere Informationen kontaktieren Sie mich bitte.<\/strong><\/p>\n<p><strong><a href=\"mailto:info@apimat.ch\">info@apimat.ch<\/a><\/strong><\/p>\n<p><strong>Telefon: 076 213 80 33<\/strong><\/p>\n","protected":false},"excerpt":{"rendered":"<p>Zeichnungsapparat zum Zeichen der K\u00f6niginnen, kolbenf\u00f6rmig, mit weicher Schaumstoffauflage DIE PREISE SIND JE NACH MENGE DEGRESSIV. F\u00fcr weitere Informationen kontaktieren Sie mich bitte. info@apimat.ch Telefon: 076 213 80 33<\/p>\n","protected":false},"featured_media":42184,"template":"","meta":{"_uf_show_specific_survey":0,"_uf_disable_surveys":false},"product_cat":[95],"product_tag":[],"aioseo_notices":[],"_links":{"self":[{"href":"https:\/\/apimat.ch\/de\/wp-json\/wp\/v2\/product\/6682"}],"collection":[{"href":"https:\/\/apimat.ch\/de\/wp-json\/wp\/v2\/product"}],"about":[{"href":"https:\/\/apimat.ch\/de\/wp-json\/wp\/v2\/types\/product"}],"wp:featuredmedia":[{"embeddable":true,"href":"https:\/\/apimat.ch\/de\/wp-json\/wp\/v2\/media\/42184"}],"wp:attachment":[{"href":"https:\/\/apimat.ch\/de\/wp-json\/wp\/v2\/media?parent=6682"}],"wp:term":[{"taxonomy":"product_cat","embeddable":true,"href":"https:\/\/apimat.ch\/de\/wp-json\/wp\/v2\/product_cat?post=6682"},{"taxonomy":"product_tag","embeddable":true,"href":"https:\/\/apimat.ch\/de\/wp-json\/wp\/v2\/product_tag?post=6682"}],"curies":[{"name":"wp","href":"https:\/\/api.w.org\/{rel}","templated":true}]}}