{"id":6685,"date":"2017-05-15T17:20:45","date_gmt":"2019-12-26T17:38:19","guid":{"rendered":"https:\/\/apimat.ch\/?post_type=product&#038;p=6685"},"modified":"2022-03-28T19:02:37","modified_gmt":"2022-03-28T17:02:37","slug":"rechteckige-durchscheinende-kunststoffkiste-nicot-fuer-den-transport-der-koenigin","status":"publish","type":"product","link":"https:\/\/apimat.ch\/de\/produit\/rechteckige-durchscheinende-kunststoffkiste-nicot-fuer-den-transport-der-koenigin\/","title":{"rendered":"Nicot Versandk\u00e4fig, rechteckig, aus transluzentem Kunststoff, f\u00fcr den Transport der K\u00f6nigin"},"content":{"rendered":"<p class=\"heading-2\">Nicot Versandk\u00e4fig, rechteckig, aus transluzentem Kunststoff, f\u00fcr den Transport der K\u00f6nigin<\/p>\n<div class=\"product_content_sub\">Flaches Modell mit Schieber, speziell f\u00fcr Magazinbeuten. Auch als Versandk\u00e4fig verwendbar.<\/div>\n<p><strong>DIE PREISE SIND JE NACH MENGE DEGRESSIV.<\/strong><\/p>\n<p><strong>F\u00fcr weitere Informationen kontaktieren Sie mich bitte.<\/strong><\/p>\n<p><a href=\"mailto:info@apimat.ch\"><strong>info@apimat.ch<\/strong><\/a><\/p>\n<p><strong>Telefon: 076 213 80 33<\/strong><\/p>\n<p><strong>BESUCHE NACH ERNENNUNG 7\/7 Tage<\/strong><\/p>\n","protected":false},"excerpt":{"rendered":"<p>Nicot Versandk\u00e4fig, rechteckig, aus transluzentem Kunststoff, f\u00fcr den Transport der K\u00f6nigin Flaches Modell mit Schieber, speziell f\u00fcr Magazinbeuten. Auch als Versandk\u00e4fig verwendbar. DIE PREISE SIND JE NACH MENGE DEGRESSIV. F\u00fcr weitere Informationen kontaktieren Sie mich bitte. info@apimat.ch Telefon: 076 213 80 33 BESUCHE NACH ERNENNUNG 7\/7 Tage<\/p>\n","protected":false},"featured_media":17777,"template":"","meta":{"_uf_show_specific_survey":0,"_uf_disable_surveys":false},"product_cat":[95],"product_tag":[],"aioseo_notices":[],"_links":{"self":[{"href":"https:\/\/apimat.ch\/de\/wp-json\/wp\/v2\/product\/6685"}],"collection":[{"href":"https:\/\/apimat.ch\/de\/wp-json\/wp\/v2\/product"}],"about":[{"href":"https:\/\/apimat.ch\/de\/wp-json\/wp\/v2\/types\/product"}],"wp:featuredmedia":[{"embeddable":true,"href":"https:\/\/apimat.ch\/de\/wp-json\/wp\/v2\/media\/17777"}],"wp:attachment":[{"href":"https:\/\/apimat.ch\/de\/wp-json\/wp\/v2\/media?parent=6685"}],"wp:term":[{"taxonomy":"product_cat","embeddable":true,"href":"https:\/\/apimat.ch\/de\/wp-json\/wp\/v2\/product_cat?post=6685"},{"taxonomy":"product_tag","embeddable":true,"href":"https:\/\/apimat.ch\/de\/wp-json\/wp\/v2\/product_tag?post=6685"}],"curies":[{"name":"wp","href":"https:\/\/api.w.org\/{rel}","templated":true}]}}