{"id":6700,"date":"2017-05-15T17:13:01","date_gmt":"2019-12-27T12:23:51","guid":{"rendered":"https:\/\/apimat.ch\/?post_type=product&#038;p=6700"},"modified":"2026-02-04T19:25:15","modified_gmt":"2026-02-04T18:25:15","slug":"kaefig-lockenwickler-zum-geschuetzten-schluepfen-der-koenigin-und-zur-anpassung-an-die-tasse","status":"publish","type":"product","link":"https:\/\/apimat.ch\/de\/produit\/kaefig-lockenwickler-zum-geschuetzten-schluepfen-der-koenigin-und-zur-anpassung-an-die-tasse\/","title":{"rendered":"Bigoudi Schl\u00fcpf- und Verschulungsk\u00e4fig, \u00fcber den Weiselbecherhalter oder Schutzblock gestreckt"},"content":{"rendered":"<p>&#8220;Bigoudi&#8221; Schl\u00fcpf- und Verschulungsk\u00e4fig, \u00fcber den Weiselbecherhalter oder Schutzblock gestreckt<\/p>\n<p><strong>DIE PREISE SIND JE NACH MENGE DEGRESSIV.<\/strong><\/p>\n<p><strong>F\u00fcr weitere Informationen kontaktieren Sie mich bitte.<\/strong><\/p>\n<p><a href=\"mailto:info@apimat.ch\"><strong>info@apimat.ch<\/strong><\/a><\/p>\n<p><strong>Telefon: 076 213 80 33<\/strong><\/p>\n","protected":false},"excerpt":{"rendered":"<p>&#8220;Bigoudi&#8221; Schl\u00fcpf- und Verschulungsk\u00e4fig, \u00fcber den Weiselbecherhalter oder Schutzblock gestreckt DIE PREISE SIND JE NACH MENGE DEGRESSIV. F\u00fcr weitere Informationen kontaktieren Sie mich bitte. info@apimat.ch Telefon: 076 213 80 33<\/p>\n","protected":false},"featured_media":42009,"template":"","meta":{"_uf_show_specific_survey":0,"_uf_disable_surveys":false},"product_cat":[95],"product_tag":[],"aioseo_notices":[],"_links":{"self":[{"href":"https:\/\/apimat.ch\/de\/wp-json\/wp\/v2\/product\/6700"}],"collection":[{"href":"https:\/\/apimat.ch\/de\/wp-json\/wp\/v2\/product"}],"about":[{"href":"https:\/\/apimat.ch\/de\/wp-json\/wp\/v2\/types\/product"}],"wp:featuredmedia":[{"embeddable":true,"href":"https:\/\/apimat.ch\/de\/wp-json\/wp\/v2\/media\/42009"}],"wp:attachment":[{"href":"https:\/\/apimat.ch\/de\/wp-json\/wp\/v2\/media?parent=6700"}],"wp:term":[{"taxonomy":"product_cat","embeddable":true,"href":"https:\/\/apimat.ch\/de\/wp-json\/wp\/v2\/product_cat?post=6700"},{"taxonomy":"product_tag","embeddable":true,"href":"https:\/\/apimat.ch\/de\/wp-json\/wp\/v2\/product_tag?post=6700"}],"curies":[{"name":"wp","href":"https:\/\/api.w.org\/{rel}","templated":true}]}}