{"id":6721,"date":"2017-05-15T15:40:42","date_gmt":"2019-12-27T12:53:20","guid":{"rendered":"https:\/\/apimat.ch\/?post_type=product&#038;p=6721"},"modified":"2026-02-02T08:36:12","modified_gmt":"2026-02-02T07:36:12","slug":"220-volt-elektrogeraet-zum-verlegen-von-gepraegten-wachsfolien","status":"publish","type":"product","link":"https:\/\/apimat.ch\/de\/produit\/220-volt-elektrogeraet-zum-verlegen-von-gepraegten-wachsfolien\/","title":{"rendered":"220-Volt-Elektroger\u00e4t f\u00fcr die Installation von Wabern &#8211; Soda-Wachs-Transformator"},"content":{"rendered":"<p>220-Volt-Elektroger\u00e4t f\u00fcr die Installation von Wabern &#8211; Soda-Wachs-Transformator<\/p>\n<p><strong>F\u00fcr weitere Informationen kontaktieren Sie mich bitte.<\/strong><\/p>\n<p><a href=\"mailto:info@apimat.ch\"><strong>info@apimat.ch<\/strong><\/a><\/p>\n<p><strong>Telefon: 076 213 80 33<\/strong><\/p>\n","protected":false},"excerpt":{"rendered":"<p>220-Volt-Elektroger\u00e4t f\u00fcr die Installation von Wabern &#8211; Soda-Wachs-Transformator F\u00fcr weitere Informationen kontaktieren Sie mich bitte. info@apimat.ch Telefon: 076 213 80 33<\/p>\n","protected":false},"featured_media":41896,"template":"","meta":{"_uf_show_specific_survey":0,"_uf_disable_surveys":false},"product_cat":[103],"product_tag":[],"aioseo_notices":[],"_links":{"self":[{"href":"https:\/\/apimat.ch\/de\/wp-json\/wp\/v2\/product\/6721"}],"collection":[{"href":"https:\/\/apimat.ch\/de\/wp-json\/wp\/v2\/product"}],"about":[{"href":"https:\/\/apimat.ch\/de\/wp-json\/wp\/v2\/types\/product"}],"wp:featuredmedia":[{"embeddable":true,"href":"https:\/\/apimat.ch\/de\/wp-json\/wp\/v2\/media\/41896"}],"wp:attachment":[{"href":"https:\/\/apimat.ch\/de\/wp-json\/wp\/v2\/media?parent=6721"}],"wp:term":[{"taxonomy":"product_cat","embeddable":true,"href":"https:\/\/apimat.ch\/de\/wp-json\/wp\/v2\/product_cat?post=6721"},{"taxonomy":"product_tag","embeddable":true,"href":"https:\/\/apimat.ch\/de\/wp-json\/wp\/v2\/product_tag?post=6721"}],"curies":[{"name":"wp","href":"https:\/\/api.w.org\/{rel}","templated":true}]}}