{"id":6725,"date":"2017-05-15T15:36:47","date_gmt":"2019-12-27T13:04:50","guid":{"rendered":"https:\/\/apimat.ch\/?post_type=product&#038;p=6725"},"modified":"2026-02-06T18:40:40","modified_gmt":"2026-02-06T17:40:40","slug":"stockmeissel-fuer-bienenstoecke-s-foermig-gebogen-robustes-modell-23-cm","status":"publish","type":"product","link":"https:\/\/apimat.ch\/de\/produit\/stockmeissel-fuer-bienenstoecke-s-foermig-gebogen-robustes-modell-23-cm\/","title":{"rendered":"Stockmei\u00dfel f\u00fcr Bienenst\u00f6cke, S-f\u00f6rmig gebogen \u2013 Robustes Modell 23 cm."},"content":{"rendered":"<p>Stockmei\u00dfel f\u00fcr Bienenst\u00f6cke, S-f\u00f6rmig gebogen \u2013 Robustes Modell 23 cm.<\/p>\n<p><strong>F\u00fcr weitere Informationen kontaktieren Sie mich bitte.<\/strong><\/p>\n<p><a href=\"mailto:info@apimat.ch\"><strong>info@apimat.ch<\/strong><\/a><\/p>\n<p><strong>Telefon: 076 213 80 33<\/strong><\/p>\n","protected":false},"excerpt":{"rendered":"<p>Stockmei\u00dfel f\u00fcr Bienenst\u00f6cke, S-f\u00f6rmig gebogen \u2013 Robustes Modell 23 cm. F\u00fcr weitere Informationen kontaktieren Sie mich bitte. info@apimat.ch Telefon: 076 213 80 33<\/p>\n","protected":false},"featured_media":42120,"template":"","meta":{"_uf_show_specific_survey":0,"_uf_disable_surveys":false},"product_cat":[98],"product_tag":[],"aioseo_notices":[],"_links":{"self":[{"href":"https:\/\/apimat.ch\/de\/wp-json\/wp\/v2\/product\/6725"}],"collection":[{"href":"https:\/\/apimat.ch\/de\/wp-json\/wp\/v2\/product"}],"about":[{"href":"https:\/\/apimat.ch\/de\/wp-json\/wp\/v2\/types\/product"}],"wp:featuredmedia":[{"embeddable":true,"href":"https:\/\/apimat.ch\/de\/wp-json\/wp\/v2\/media\/42120"}],"wp:attachment":[{"href":"https:\/\/apimat.ch\/de\/wp-json\/wp\/v2\/media?parent=6725"}],"wp:term":[{"taxonomy":"product_cat","embeddable":true,"href":"https:\/\/apimat.ch\/de\/wp-json\/wp\/v2\/product_cat?post=6725"},{"taxonomy":"product_tag","embeddable":true,"href":"https:\/\/apimat.ch\/de\/wp-json\/wp\/v2\/product_tag?post=6725"}],"curies":[{"name":"wp","href":"https:\/\/api.w.org\/{rel}","templated":true}]}}