{"id":6732,"date":"2017-05-15T15:26:24","date_gmt":"2019-12-27T13:10:57","guid":{"rendered":"https:\/\/apimat.ch\/?post_type=product&#038;p=6732"},"modified":"2024-03-03T09:19:27","modified_gmt":"2024-03-03T08:19:27","slug":"edelstahldraht-gr-500-in-spulen-oxidationsbestaendig-aber-weniger-leitfaehig","status":"publish","type":"product","link":"https:\/\/apimat.ch\/de\/produit\/edelstahldraht-gr-500-in-spulen-oxidationsbestaendig-aber-weniger-leitfaehig\/","title":{"rendered":"Edelstahldraht &#8211; 500 gr Spulen &#8211; Oxidationsbest\u00e4ndig"},"content":{"rendered":"<p>Edelstahldraht &#8211; 500 gr Spulen &#8211; Oxidationsbest\u00e4ndig, aber weniger leitf\u00e4hig<\/p>\n<p><strong>F\u00fcr weitere Informationen kontaktieren Sie mich bitte.<\/strong><\/p>\n<p><a href=\"mailto:info@apimat.ch\"><strong>info@apimat.ch<\/strong><\/a><\/p>\n<p><strong>Telefon: 076 213 80 33<\/strong><\/p>\n","protected":false},"excerpt":{"rendered":"<p>Edelstahldraht &#8211; 500 gr Spulen &#8211; Oxidationsbest\u00e4ndig, aber weniger leitf\u00e4hig F\u00fcr weitere Informationen kontaktieren Sie mich bitte. info@apimat.ch Telefon: 076 213 80 33<\/p>\n","protected":false},"featured_media":17774,"template":"","meta":{"_uf_show_specific_survey":0,"_uf_disable_surveys":false},"product_cat":[103],"product_tag":[],"aioseo_notices":[],"_links":{"self":[{"href":"https:\/\/apimat.ch\/de\/wp-json\/wp\/v2\/product\/6732"}],"collection":[{"href":"https:\/\/apimat.ch\/de\/wp-json\/wp\/v2\/product"}],"about":[{"href":"https:\/\/apimat.ch\/de\/wp-json\/wp\/v2\/types\/product"}],"wp:featuredmedia":[{"embeddable":true,"href":"https:\/\/apimat.ch\/de\/wp-json\/wp\/v2\/media\/17774"}],"wp:attachment":[{"href":"https:\/\/apimat.ch\/de\/wp-json\/wp\/v2\/media?parent=6732"}],"wp:term":[{"taxonomy":"product_cat","embeddable":true,"href":"https:\/\/apimat.ch\/de\/wp-json\/wp\/v2\/product_cat?post=6732"},{"taxonomy":"product_tag","embeddable":true,"href":"https:\/\/apimat.ch\/de\/wp-json\/wp\/v2\/product_tag?post=6732"}],"curies":[{"name":"wp","href":"https:\/\/api.w.org\/{rel}","templated":true}]}}