{"id":6734,"date":"2017-05-15T15:24:03","date_gmt":"2019-12-27T13:13:35","guid":{"rendered":"https:\/\/apimat.ch\/?post_type=product&#038;p=6734"},"modified":"2020-12-01T10:30:28","modified_gmt":"2020-12-01T09:30:28","slug":"gitterrost-in-koeniginnengroesse-mit-runden-metallstaeben-ohne-holzrahmen-cm-50x50","status":"publish","type":"product","link":"https:\/\/apimat.ch\/de\/produit\/gitterrost-in-koeniginnengroesse-mit-runden-metallstaeben-ohne-holzrahmen-cm-50x50\/","title":{"rendered":"K\u00f6niginnengitter mit runden Metallst\u00e4ben, ohne Holzrahmen &#8211; 50 x 50 cm"},"content":{"rendered":"<p>K\u00f6niginnengitter mit runden Metallst\u00e4ben, ohne Holzrahmen &#8211; 50 x 50 cm<\/p>\n<p><strong>F\u00fcr weitere Informationen kontaktieren Sie mich bitte.<\/strong><\/p>\n<p><a href=\"mailto:info@apimat.ch\"><strong>info@apimat.ch<\/strong><\/a><\/p>\n<p><strong>Telefon: 076 213 80 33<\/strong><\/p>\n<p><strong>BESUCHE NACH ERNENNUNG 7\/7 Tage<\/strong><\/p>\n","protected":false},"excerpt":{"rendered":"<p>K\u00f6niginnengitter mit runden Metallst\u00e4ben, ohne Holzrahmen &#8211; 50 x 50 cm F\u00fcr weitere Informationen kontaktieren Sie mich bitte. info@apimat.ch Telefon: 076 213 80 33 BESUCHE NACH ERNENNUNG 7\/7 Tage<\/p>\n","protected":false},"featured_media":15470,"template":"","meta":{"_uf_show_specific_survey":0,"_uf_disable_surveys":false},"product_cat":[102],"product_tag":[],"aioseo_notices":[],"_links":{"self":[{"href":"https:\/\/apimat.ch\/de\/wp-json\/wp\/v2\/product\/6734"}],"collection":[{"href":"https:\/\/apimat.ch\/de\/wp-json\/wp\/v2\/product"}],"about":[{"href":"https:\/\/apimat.ch\/de\/wp-json\/wp\/v2\/types\/product"}],"wp:featuredmedia":[{"embeddable":true,"href":"https:\/\/apimat.ch\/de\/wp-json\/wp\/v2\/media\/15470"}],"wp:attachment":[{"href":"https:\/\/apimat.ch\/de\/wp-json\/wp\/v2\/media?parent=6734"}],"wp:term":[{"taxonomy":"product_cat","embeddable":true,"href":"https:\/\/apimat.ch\/de\/wp-json\/wp\/v2\/product_cat?post=6734"},{"taxonomy":"product_tag","embeddable":true,"href":"https:\/\/apimat.ch\/de\/wp-json\/wp\/v2\/product_tag?post=6734"}],"curies":[{"name":"wp","href":"https:\/\/api.w.org\/{rel}","templated":true}]}}