{"id":6737,"date":"2017-05-15T14:06:20","date_gmt":"2019-12-27T13:17:17","guid":{"rendered":"https:\/\/apimat.ch\/?post_type=product&#038;p=6737"},"modified":"2021-11-25T23:27:34","modified_gmt":"2021-11-25T22:27:34","slug":"gitterrost-in-koeniginnengroesse-mit-runden-metallstaeben-ohne-holzrahmen-cm-43x50","status":"publish","type":"product","link":"https:\/\/apimat.ch\/de\/produit\/gitterrost-in-koeniginnengroesse-mit-runden-metallstaeben-ohne-holzrahmen-cm-43x50\/","title":{"rendered":"K\u00f6niginnengitter mit runden Metallst\u00e4ben, ohne Holzrahmen &#8211; 43 x 50 cm."},"content":{"rendered":"<p>K\u00f6niginnengitter mit runden Metallst\u00e4ben, ohne Holzrahmen &#8211; 43 x 50 cm.<\/p>\n<p><strong>F\u00fcr weitere Informationen kontaktieren Sie mich bitte.<\/strong><\/p>\n<p><a href=\"mailto:info@apimat.ch\"><strong>info@apimat.ch<\/strong><\/a><\/p>\n<p><strong>Telefon: 076 213 80 33<\/strong><\/p>\n<p><strong>BESUCHE NACH ERNENNUNG 7\/7 Tage<\/strong><\/p>\n","protected":false},"excerpt":{"rendered":"<p>K\u00f6niginnengitter mit runden Metallst\u00e4ben, ohne Holzrahmen &#8211; 43 x 50 cm. F\u00fcr weitere Informationen kontaktieren Sie mich bitte. info@apimat.ch Telefon: 076 213 80 33 BESUCHE NACH ERNENNUNG 7\/7 Tage<\/p>\n","protected":false},"featured_media":15468,"template":"","meta":{"_uf_show_specific_survey":0,"_uf_disable_surveys":false},"product_cat":[102],"product_tag":[],"aioseo_notices":[],"_links":{"self":[{"href":"https:\/\/apimat.ch\/de\/wp-json\/wp\/v2\/product\/6737"}],"collection":[{"href":"https:\/\/apimat.ch\/de\/wp-json\/wp\/v2\/product"}],"about":[{"href":"https:\/\/apimat.ch\/de\/wp-json\/wp\/v2\/types\/product"}],"wp:featuredmedia":[{"embeddable":true,"href":"https:\/\/apimat.ch\/de\/wp-json\/wp\/v2\/media\/15468"}],"wp:attachment":[{"href":"https:\/\/apimat.ch\/de\/wp-json\/wp\/v2\/media?parent=6737"}],"wp:term":[{"taxonomy":"product_cat","embeddable":true,"href":"https:\/\/apimat.ch\/de\/wp-json\/wp\/v2\/product_cat?post=6737"},{"taxonomy":"product_tag","embeddable":true,"href":"https:\/\/apimat.ch\/de\/wp-json\/wp\/v2\/product_tag?post=6737"}],"curies":[{"name":"wp","href":"https:\/\/api.w.org\/{rel}","templated":true}]}}