{"id":6740,"date":"2017-05-15T14:03:31","date_gmt":"2019-12-27T13:21:47","guid":{"rendered":"https:\/\/apimat.ch\/?post_type=product&#038;p=6740"},"modified":"2026-02-06T14:00:57","modified_gmt":"2026-02-06T13:00:57","slug":"bienenflucht-8-ausgaenge","status":"publish","type":"product","link":"https:\/\/apimat.ch\/de\/produit\/bienenflucht-8-ausgaenge\/","title":{"rendered":"Sternf\u00f6rmig Bienenflucht aus Kunststoff"},"content":{"rendered":"<p>Sternf\u00f6rmig Bienenflucht aus Kunststoff<\/p>\n<p>Aus Kunststoff mit 8 Ausg\u00e4ngen, \u00d8 25,8cm.<\/p>\n<p><strong>F\u00fcr weitere Informationen kontaktieren Sie mich bitte.<\/strong><\/p>\n<p><a href=\"mailto:info@apimat.ch\"><strong>info@apimat.ch<\/strong><\/a><\/p>\n<p><strong>Telefon: 076 213 80 33<\/strong><\/p>\n","protected":false},"excerpt":{"rendered":"<p>Sternf\u00f6rmig Bienenflucht aus Kunststoff Aus Kunststoff mit 8 Ausg\u00e4ngen, \u00d8 25,8cm. F\u00fcr weitere Informationen kontaktieren Sie mich bitte. info@apimat.ch Telefon: 076 213 80 33<\/p>\n","protected":false},"featured_media":42058,"template":"","meta":{"_uf_show_specific_survey":0,"_uf_disable_surveys":false},"product_cat":[98],"product_tag":[],"aioseo_notices":[],"_links":{"self":[{"href":"https:\/\/apimat.ch\/de\/wp-json\/wp\/v2\/product\/6740"}],"collection":[{"href":"https:\/\/apimat.ch\/de\/wp-json\/wp\/v2\/product"}],"about":[{"href":"https:\/\/apimat.ch\/de\/wp-json\/wp\/v2\/types\/product"}],"wp:featuredmedia":[{"embeddable":true,"href":"https:\/\/apimat.ch\/de\/wp-json\/wp\/v2\/media\/42058"}],"wp:attachment":[{"href":"https:\/\/apimat.ch\/de\/wp-json\/wp\/v2\/media?parent=6740"}],"wp:term":[{"taxonomy":"product_cat","embeddable":true,"href":"https:\/\/apimat.ch\/de\/wp-json\/wp\/v2\/product_cat?post=6740"},{"taxonomy":"product_tag","embeddable":true,"href":"https:\/\/apimat.ch\/de\/wp-json\/wp\/v2\/product_tag?post=6740"}],"curies":[{"name":"wp","href":"https:\/\/api.w.org\/{rel}","templated":true}]}}