{"id":6762,"date":"2017-05-15T12:20:56","date_gmt":"2019-12-27T13:38:31","guid":{"rendered":"https:\/\/apimat.ch\/?post_type=product&#038;p=6762"},"modified":"2022-02-16T17:11:57","modified_gmt":"2022-02-16T16:11:57","slug":"edelstahl-blechschublade-fuer-anti-varroa-boden-fuer-bienenstock-12-rahmen","status":"publish","type":"product","link":"https:\/\/apimat.ch\/de\/produit\/edelstahl-blechschublade-fuer-anti-varroa-boden-fuer-bienenstock-12-rahmen\/","title":{"rendered":"Edelstahl-Blechschublade f\u00fcr Anti-Varroa-Boden f\u00fcr Bienenstock Dadant 12 Rahmen"},"content":{"rendered":"<p>Edelstahl-Blechschublade f\u00fcr Anti-Varroa-Boden f\u00fcr Bienenstock Dadant 12 Rahmen<\/p>\n<p><strong>DIE PREISE SIND JE NACH MENGE DEGRESSIV.<\/strong><\/p>\n<p><strong>F\u00fcr weitere Informationen kontaktieren Sie mich bitte.<\/strong><\/p>\n<p><a href=\"mailto:info@apimat.ch\"><strong>info@apimat.ch<\/strong><\/a><\/p>\n<p><strong>Telefon: 076 213 80 33<\/strong><\/p>\n","protected":false},"excerpt":{"rendered":"<p>Edelstahl-Blechschublade f\u00fcr Anti-Varroa-Boden f\u00fcr Bienenstock Dadant 12 Rahmen DIE PREISE SIND JE NACH MENGE DEGRESSIV. F\u00fcr weitere Informationen kontaktieren Sie mich bitte. info@apimat.ch Telefon: 076 213 80 33<\/p>\n","protected":false},"featured_media":4252,"template":"","meta":{"_uf_show_specific_survey":0,"_uf_disable_surveys":false},"product_cat":[102],"product_tag":[],"aioseo_notices":[],"_links":{"self":[{"href":"https:\/\/apimat.ch\/de\/wp-json\/wp\/v2\/product\/6762"}],"collection":[{"href":"https:\/\/apimat.ch\/de\/wp-json\/wp\/v2\/product"}],"about":[{"href":"https:\/\/apimat.ch\/de\/wp-json\/wp\/v2\/types\/product"}],"wp:featuredmedia":[{"embeddable":true,"href":"https:\/\/apimat.ch\/de\/wp-json\/wp\/v2\/media\/4252"}],"wp:attachment":[{"href":"https:\/\/apimat.ch\/de\/wp-json\/wp\/v2\/media?parent=6762"}],"wp:term":[{"taxonomy":"product_cat","embeddable":true,"href":"https:\/\/apimat.ch\/de\/wp-json\/wp\/v2\/product_cat?post=6762"},{"taxonomy":"product_tag","embeddable":true,"href":"https:\/\/apimat.ch\/de\/wp-json\/wp\/v2\/product_tag?post=6762"}],"curies":[{"name":"wp","href":"https:\/\/api.w.org\/{rel}","templated":true}]}}