{"id":6770,"date":"2017-05-15T00:01:27","date_gmt":"2019-12-27T13:41:40","guid":{"rendered":"https:\/\/apimat.ch\/?post_type=product&#038;p=6770"},"modified":"2026-02-02T09:05:25","modified_gmt":"2026-02-02T08:05:25","slug":"hohe-rahmenabdeckungen-fuer-10-rahmen-bienenstoecke","status":"publish","type":"product","link":"https:\/\/apimat.ch\/de\/produit\/hohe-rahmenabdeckungen-fuer-10-rahmen-bienenstoecke\/","title":{"rendered":"Hohe Deckbrett f\u00fcr 10 Rahmen Bienenst\u00f6cke"},"content":{"rendered":"<p class=\"heading-2\">Hohe Deckbrett f\u00fcr 10 Rahmen Bienenst\u00f6cke<\/p>\n<p>Deckbrett mit Futterloch zu Wanderbeute Dadant aus Holz 10 Rahmen. Format 43,5\u00d750cm.<\/p>\n<p><strong>DIE PREISE SIND JE NACH MENGE DEGRESSIV.<\/strong><\/p>\n<p><strong>F\u00fcr weitere Informationen kontaktieren Sie mich bitte.<\/strong><\/p>\n<p><strong>info@apimat.ch<\/strong><\/p>\n<p><strong>Telefon: 076 213 80 33<\/strong><\/p>\n","protected":false},"excerpt":{"rendered":"<p>Hohe Deckbrett f\u00fcr 10 Rahmen Bienenst\u00f6cke Deckbrett mit Futterloch zu Wanderbeute Dadant aus Holz 10 Rahmen. Format 43,5\u00d750cm. DIE PREISE SIND JE NACH MENGE DEGRESSIV. F\u00fcr weitere Informationen kontaktieren Sie mich bitte. info@apimat.ch Telefon: 076 213 80 33<\/p>\n","protected":false},"featured_media":41908,"template":"","meta":{"_uf_show_specific_survey":0,"_uf_disable_surveys":false},"product_cat":[102],"product_tag":[],"aioseo_notices":[],"_links":{"self":[{"href":"https:\/\/apimat.ch\/de\/wp-json\/wp\/v2\/product\/6770"}],"collection":[{"href":"https:\/\/apimat.ch\/de\/wp-json\/wp\/v2\/product"}],"about":[{"href":"https:\/\/apimat.ch\/de\/wp-json\/wp\/v2\/types\/product"}],"wp:featuredmedia":[{"embeddable":true,"href":"https:\/\/apimat.ch\/de\/wp-json\/wp\/v2\/media\/41908"}],"wp:attachment":[{"href":"https:\/\/apimat.ch\/de\/wp-json\/wp\/v2\/media?parent=6770"}],"wp:term":[{"taxonomy":"product_cat","embeddable":true,"href":"https:\/\/apimat.ch\/de\/wp-json\/wp\/v2\/product_cat?post=6770"},{"taxonomy":"product_tag","embeddable":true,"href":"https:\/\/apimat.ch\/de\/wp-json\/wp\/v2\/product_tag?post=6770"}],"curies":[{"name":"wp","href":"https:\/\/api.w.org\/{rel}","templated":true}]}}