{"id":6776,"date":"2019-12-27T14:45:04","date_gmt":"2019-12-27T13:45:04","guid":{"rendered":"https:\/\/apimat.ch\/?post_type=product&#038;p=6776"},"modified":"2021-06-10T14:48:01","modified_gmt":"2021-06-10T12:48:01","slug":"flachdach-fuer-10-rahmen-bienenstock-mit-holzrahmen-und-verzinkter-blechverkleidung","status":"publish","type":"product","link":"https:\/\/apimat.ch\/de\/produit\/flachdach-fuer-10-rahmen-bienenstock-mit-holzrahmen-und-verzinkter-blechverkleidung\/","title":{"rendered":"Flachdach f\u00fcr 10-Rahmenbienenstock mit Holzkonstruktion und verzinkter Abdeckung"},"content":{"rendered":"<p>Flachdach f\u00fcr 10-Rahmenbienenstock mit Holzkonstruktion und verzinkter Abdeckung<\/p>\n<p>Au\u00dfenma\u00dfe: 550 x 480 mm.<br \/>\nInnenma\u00df: 515 x 445 mm.<\/p>\n<p><strong>DIE PREISE SIND JE NACH MENGE DEGRESSIV.<\/strong><\/p>\n<p><strong>F\u00fcr weitere Informationen kontaktieren Sie mich bitte.<\/strong><\/p>\n<p><a href=\"mailto:info@apimat.ch\"><strong>info@apimat.ch<\/strong><\/a><\/p>\n<p><strong>Telefon: 076 213 80 33<\/strong><\/p>\n<p>&nbsp;<\/p>\n","protected":false},"excerpt":{"rendered":"<p>Flachdach f\u00fcr 10-Rahmenbienenstock mit Holzkonstruktion und verzinkter Abdeckung Au\u00dfenma\u00dfe: 550 x 480 mm. Innenma\u00df: 515 x 445 mm. DIE PREISE SIND JE NACH MENGE DEGRESSIV. F\u00fcr weitere Informationen kontaktieren Sie mich bitte. info@apimat.ch Telefon: 076 213 80 33 &nbsp;<\/p>\n","protected":false},"featured_media":4256,"template":"","meta":{"_uf_show_specific_survey":0,"_uf_disable_surveys":false},"product_cat":[102],"product_tag":[],"aioseo_notices":[],"_links":{"self":[{"href":"https:\/\/apimat.ch\/de\/wp-json\/wp\/v2\/product\/6776"}],"collection":[{"href":"https:\/\/apimat.ch\/de\/wp-json\/wp\/v2\/product"}],"about":[{"href":"https:\/\/apimat.ch\/de\/wp-json\/wp\/v2\/types\/product"}],"wp:featuredmedia":[{"embeddable":true,"href":"https:\/\/apimat.ch\/de\/wp-json\/wp\/v2\/media\/4256"}],"wp:attachment":[{"href":"https:\/\/apimat.ch\/de\/wp-json\/wp\/v2\/media?parent=6776"}],"wp:term":[{"taxonomy":"product_cat","embeddable":true,"href":"https:\/\/apimat.ch\/de\/wp-json\/wp\/v2\/product_cat?post=6776"},{"taxonomy":"product_tag","embeddable":true,"href":"https:\/\/apimat.ch\/de\/wp-json\/wp\/v2\/product_tag?post=6776"}],"curies":[{"name":"wp","href":"https:\/\/api.w.org\/{rel}","templated":true}]}}