{"id":6785,"date":"2017-05-14T23:33:30","date_gmt":"2019-12-27T15:05:56","guid":{"rendered":"https:\/\/apimat.ch\/?post_type=product&#038;p=6785"},"modified":"2026-01-09T09:09:20","modified_gmt":"2026-01-09T08:09:20","slug":"holz-trennschied-zur-brutraumanpassung-dadant-blatt-beute","status":"publish","type":"product","link":"https:\/\/apimat.ch\/de\/produit\/holz-trennschied-zur-brutraumanpassung-dadant-blatt-beute\/","title":{"rendered":"Holz-Trennschied zur Brutraumanpassung \u2013 Dadant-Blatt-Beute"},"content":{"rendered":"<p>Holz-Trennschied zur Brutraumanpassung \u2013 Dadant-Blatt-Beute<\/p>\n<p>Holz-Trennbrett im Ma\u00df eines Dadant-Blatt-R\u00e4hmchens zur Reduzierung des Innenraums der Beute.<\/p>\n<p><strong>DEGRESSIVE PREISE JE NACH MENGE.<\/strong><\/p>\n<p><strong>F\u00fcr weitere Informationen kontaktieren Sie mich bitte.<\/strong><\/p>\n<p><a href=\"mailto:info@apimat.ch\"><strong>info@apimat.ch<\/strong><\/a><\/p>\n<p><strong>Telefon: 076 213 80 33<\/strong><\/p>\n","protected":false},"excerpt":{"rendered":"<p>Holz-Trennschied zur Brutraumanpassung \u2013 Dadant-Blatt-Beute Holz-Trennbrett im Ma\u00df eines Dadant-Blatt-R\u00e4hmchens zur Reduzierung des Innenraums der Beute. DEGRESSIVE PREISE JE NACH MENGE. F\u00fcr weitere Informationen kontaktieren Sie mich bitte. info@apimat.ch Telefon: 076 213 80 33<\/p>\n","protected":false},"featured_media":41428,"template":"","meta":{"_uf_show_specific_survey":0,"_uf_disable_surveys":false},"product_cat":[662,102],"product_tag":[],"aioseo_notices":[],"_links":{"self":[{"href":"https:\/\/apimat.ch\/de\/wp-json\/wp\/v2\/product\/6785"}],"collection":[{"href":"https:\/\/apimat.ch\/de\/wp-json\/wp\/v2\/product"}],"about":[{"href":"https:\/\/apimat.ch\/de\/wp-json\/wp\/v2\/types\/product"}],"wp:featuredmedia":[{"embeddable":true,"href":"https:\/\/apimat.ch\/de\/wp-json\/wp\/v2\/media\/41428"}],"wp:attachment":[{"href":"https:\/\/apimat.ch\/de\/wp-json\/wp\/v2\/media?parent=6785"}],"wp:term":[{"taxonomy":"product_cat","embeddable":true,"href":"https:\/\/apimat.ch\/de\/wp-json\/wp\/v2\/product_cat?post=6785"},{"taxonomy":"product_tag","embeddable":true,"href":"https:\/\/apimat.ch\/de\/wp-json\/wp\/v2\/product_tag?post=6785"}],"curies":[{"name":"wp","href":"https:\/\/api.w.org\/{rel}","templated":true}]}}