{"id":6787,"date":"2017-05-14T23:22:46","date_gmt":"2019-12-27T15:08:50","guid":{"rendered":"https:\/\/apimat.ch\/?post_type=product&#038;p=6787"},"modified":"2026-04-01T19:15:07","modified_gmt":"2026-04-01T17:15:07","slug":"dadant-blatt-honigrahmen-mit-wabe","status":"publish","type":"product","link":"https:\/\/apimat.ch\/de\/produit\/dadant-blatt-honigrahmen-mit-wabe\/","title":{"rendered":"Honigrahmen mit Drahteinlage und Wabe (3 horizontale Edelstahldr\u00e4hte) &#8211; je nach Menge sinkende Preise"},"content":{"rendered":"<p>Honigrahmen mit Drahteinlage und Wabe (3 horizontale Edelstahldr\u00e4hte) &#8211; je nach Menge sinkende Preise<\/p>\n<h3 data-start=\"69\" data-end=\"355\"><strong data-start=\"69\" data-end=\"112\">Gewachste Rahmen \u2013 wichtige Information<\/strong><br data-start=\"112\" data-end=\"115\" \/>Wachs ist ein empfindliches Material. Trotz verst\u00e4rkter Verpackung k\u00f6nnen wir keine 100%-ige Unversehrtheit bei der Lieferung garantieren. Besch\u00e4digungen m\u00fcssen <strong data-start=\"276\" data-end=\"336\">unverz\u00fcglich beim Transportunternehmen bei der Lieferung<\/strong> gemeldet werden.<\/h3>\n<h3 data-start=\"357\" data-end=\"497\">Um das Risiko zu reduzieren, empfehlen wir den Kauf <strong data-start=\"409\" data-end=\"432\">ungewachster Rahmen<\/strong>, die Wachs selbst mit einem Ger\u00e4t und einer Walze aufzutragen.<\/h3>\n<p>DIE PREISE SIND JE NACH MENGE DEGRESSIV.<\/p>\n<p><strong>F\u00fcr weitere Informationen kontaktieren Sie mich bitte.<\/strong><\/p>\n<p><a href=\"mailto:info@apimat.ch\"><strong>info@apimat.ch<\/strong><\/a><\/p>\n<p><strong>Telefon: 076 213 80 33<\/strong><\/p>\n","protected":false},"excerpt":{"rendered":"<p>Honigrahmen mit Drahteinlage und Wabe (3 horizontale Edelstahldr\u00e4hte) &#8211; je nach Menge sinkende Preise Gewachste Rahmen \u2013 wichtige InformationWachs ist ein empfindliches Material. Trotz verst\u00e4rkter Verpackung k\u00f6nnen wir keine 100%-ige Unversehrtheit bei der Lieferung garantieren. Besch\u00e4digungen m\u00fcssen unverz\u00fcglich beim Transportunternehmen bei der Lieferung gemeldet werden. Um das Risiko zu reduzieren, empfehlen wir den Kauf ungewachster [&hellip;]<\/p>\n","protected":false},"featured_media":5715,"template":"","meta":{"_uf_show_specific_survey":0,"_uf_disable_surveys":false},"product_cat":[1060,103],"product_tag":[],"aioseo_notices":[],"_links":{"self":[{"href":"https:\/\/apimat.ch\/de\/wp-json\/wp\/v2\/product\/6787"}],"collection":[{"href":"https:\/\/apimat.ch\/de\/wp-json\/wp\/v2\/product"}],"about":[{"href":"https:\/\/apimat.ch\/de\/wp-json\/wp\/v2\/types\/product"}],"wp:featuredmedia":[{"embeddable":true,"href":"https:\/\/apimat.ch\/de\/wp-json\/wp\/v2\/media\/5715"}],"wp:attachment":[{"href":"https:\/\/apimat.ch\/de\/wp-json\/wp\/v2\/media?parent=6787"}],"wp:term":[{"taxonomy":"product_cat","embeddable":true,"href":"https:\/\/apimat.ch\/de\/wp-json\/wp\/v2\/product_cat?post=6787"},{"taxonomy":"product_tag","embeddable":true,"href":"https:\/\/apimat.ch\/de\/wp-json\/wp\/v2\/product_tag?post=6787"}],"curies":[{"name":"wp","href":"https:\/\/api.w.org\/{rel}","templated":true}]}}