{"id":7340,"date":"2019-12-31T08:51:26","date_gmt":"2019-12-31T07:47:39","guid":{"rendered":"https:\/\/apimat.ch\/?post_type=product&#038;p=7340"},"modified":"2021-06-10T14:47:49","modified_gmt":"2021-06-10T12:47:49","slug":"abstandnaegel-7mm-beutel-a-100-stueck","status":"publish","type":"product","link":"https:\/\/apimat.ch\/de\/produit\/abstandnaegel-7mm-beutel-a-100-stueck\/","title":{"rendered":"Seitenabstandsk\u00f6pfe 7 mm (100 St\u00fcck)"},"content":{"rendered":"<p>Seitenabstandsk\u00f6pfe 7 mm (100 St\u00fcck)<\/p>\n<p><strong>DEGRESSIVE PREISE JE NACH MENGE.<\/strong><\/p>\n<p><strong>F\u00fcr weitere Informationen kontaktieren Sie mich bitte.<\/strong><\/p>\n<p><strong>info@apimat.ch<\/strong><\/p>\n<p><strong>Telefon: 076 213 80 33<\/strong><\/p>\n","protected":false},"excerpt":{"rendered":"<p>Seitenabstandsk\u00f6pfe 7 mm (100 St\u00fcck) DEGRESSIVE PREISE JE NACH MENGE. F\u00fcr weitere Informationen kontaktieren Sie mich bitte. info@apimat.ch Telefon: 076 213 80 33<\/p>\n","protected":false},"featured_media":42019,"template":"","meta":{"_uf_show_specific_survey":0,"_uf_disable_surveys":false},"product_cat":[103],"product_tag":[],"aioseo_notices":[],"_links":{"self":[{"href":"https:\/\/apimat.ch\/de\/wp-json\/wp\/v2\/product\/7340"}],"collection":[{"href":"https:\/\/apimat.ch\/de\/wp-json\/wp\/v2\/product"}],"about":[{"href":"https:\/\/apimat.ch\/de\/wp-json\/wp\/v2\/types\/product"}],"wp:featuredmedia":[{"embeddable":true,"href":"https:\/\/apimat.ch\/de\/wp-json\/wp\/v2\/media\/42019"}],"wp:attachment":[{"href":"https:\/\/apimat.ch\/de\/wp-json\/wp\/v2\/media?parent=7340"}],"wp:term":[{"taxonomy":"product_cat","embeddable":true,"href":"https:\/\/apimat.ch\/de\/wp-json\/wp\/v2\/product_cat?post=7340"},{"taxonomy":"product_tag","embeddable":true,"href":"https:\/\/apimat.ch\/de\/wp-json\/wp\/v2\/product_tag?post=7340"}],"curies":[{"name":"wp","href":"https:\/\/api.w.org\/{rel}","templated":true}]}}