{"id":7496,"date":"2020-01-03T20:33:08","date_gmt":"2020-01-04T05:21:13","guid":{"rendered":"https:\/\/apimat.ch\/?post_type=product&#038;p=7496"},"modified":"2021-06-10T14:44:14","modified_gmt":"2021-06-10T12:44:14","slug":"roter-metalltraeger-fuer-reifer-groesse-50-kg-100-kg-200-kg-400-kg-500-kg-g","status":"publish","type":"product","link":"https:\/\/apimat.ch\/de\/produit\/roter-metalltraeger-fuer-reifer-groesse-50-kg-100-kg-200-kg-400-kg-500-kg-g\/","title":{"rendered":"Roter Metallst\u00e4nder f\u00fcr Abf\u00fcllkessel &#8211; Gr\u00f6\u00dfe 50kg, 100kg, 200kg, 400kg, 500 kg."},"content":{"rendered":"<p>Roter Metallst\u00e4nder f\u00fcr Abf\u00fcllkessel<\/p>\n<h3>Gr\u00f6\u00dfe 50 kg, 100 kg, 200 kg, 400 kg, 500 kg.<\/h3>\n<p>&nbsp;<\/p>\n<p><strong>DEGRESSIVE PREISE JE NACH MENGE.<\/strong><\/p>\n<p><strong>F\u00fcr weitere Informationen kontaktieren Sie mich bitte.<\/strong><\/p>\n<p><a href=\"mailto:info@apimat.ch\"><strong>info@apimat.ch<\/strong><\/a><\/p>\n<p><strong>Telefon: 076 213 80 33<\/strong><\/p>\n<p>&nbsp;<\/p>\n","protected":false},"excerpt":{"rendered":"<p>Roter Metallst\u00e4nder f\u00fcr Abf\u00fcllkessel Gr\u00f6\u00dfe 50 kg, 100 kg, 200 kg, 400 kg, 500 kg. &nbsp; DEGRESSIVE PREISE JE NACH MENGE. F\u00fcr weitere Informationen kontaktieren Sie mich bitte. info@apimat.ch Telefon: 076 213 80 33 &nbsp;<\/p>\n","protected":false},"featured_media":6031,"template":"","meta":{"_uf_show_specific_survey":0,"_uf_disable_surveys":false},"product_cat":[108],"product_tag":[],"aioseo_notices":[],"_links":{"self":[{"href":"https:\/\/apimat.ch\/de\/wp-json\/wp\/v2\/product\/7496"}],"collection":[{"href":"https:\/\/apimat.ch\/de\/wp-json\/wp\/v2\/product"}],"about":[{"href":"https:\/\/apimat.ch\/de\/wp-json\/wp\/v2\/types\/product"}],"wp:featuredmedia":[{"embeddable":true,"href":"https:\/\/apimat.ch\/de\/wp-json\/wp\/v2\/media\/6031"}],"wp:attachment":[{"href":"https:\/\/apimat.ch\/de\/wp-json\/wp\/v2\/media?parent=7496"}],"wp:term":[{"taxonomy":"product_cat","embeddable":true,"href":"https:\/\/apimat.ch\/de\/wp-json\/wp\/v2\/product_cat?post=7496"},{"taxonomy":"product_tag","embeddable":true,"href":"https:\/\/apimat.ch\/de\/wp-json\/wp\/v2\/product_tag?post=7496"}],"curies":[{"name":"wp","href":"https:\/\/api.w.org\/{rel}","templated":true}]}}