{"id":7533,"date":"2020-01-03T19:30:56","date_gmt":"2020-01-04T05:59:21","guid":{"rendered":"https:\/\/apimat.ch\/?post_type=product&#038;p=7533"},"modified":"2022-09-06T08:42:50","modified_gmt":"2022-09-06T06:42:50","slug":"jacke-imker-ventilated-einziehbarer-schleier-mit-reissverschluss","status":"publish","type":"product","link":"https:\/\/apimat.ch\/de\/produit\/jacke-imker-ventilated-einziehbarer-schleier-mit-reissverschluss\/","title":{"rendered":"BEL\u00dcFTETER wei\u00df Imkerjacke &#8220;Abeilleurs&#8221;, Kopfteil mit Rei\u00dfverschluss einziehbar &#8211; Gr\u00f6\u00dfe S, M, L, XL, XXL"},"content":{"rendered":"<h3>BEL\u00dcFTETER wei\u00df Imkerjacke &#8220;Abeilleurs&#8221;, Kopfteil mit Rei\u00dfverschluss einziehbar &#8211; Gr\u00f6\u00dfe S, M, L, XL, XXL<\/h3>\n<p>Bel\u00fcftete Leinenjacke mit 4 Taschen, elastischer Taille und \u00c4rmelb\u00fcndchen. Sie l\u00e4sst sich vorne komplett \u00f6ffnen; die mit einem Geh\u00f6rschutz ausgestattete Fiberglasmaske ist leicht und komplett abnehmbar.<\/p>\n<p>Gr\u00f6\u00dfenratgeber:<\/p>\n<p><img loading=\"lazy\" decoding=\"async\" class=\"alignnone size-full wp-image-19610\" src=\"https:\/\/apimat.ch\/wp-content\/uploads\/2019\/12\/Tailles-DE.png\" alt=\"\" width=\"527\" height=\"267\" srcset=\"https:\/\/apimat.ch\/wp-content\/uploads\/2019\/12\/Tailles-DE.png 527w, https:\/\/apimat.ch\/wp-content\/uploads\/2019\/12\/Tailles-DE-300x152.png 300w\" sizes=\"(max-width: 527px) 100vw, 527px\" \/><\/p>\n<p><strong>DEGRESSIVE PREISE JE NACH MENGE.<\/strong><\/p>\n<p><strong>F\u00fcr weitere Informationen kontaktieren Sie mich bitte.<\/strong><\/p>\n<p><a href=\"mailto:info@apimat.ch\"><strong>info@apimat.ch<\/strong><\/a><\/p>\n<p><strong>Telefon: 076 213 80 33<\/strong><\/p>\n<p>&nbsp;<\/p>\n","protected":false},"excerpt":{"rendered":"<p>BEL\u00dcFTETER wei\u00df Imkerjacke &#8220;Abeilleurs&#8221;, Kopfteil mit Rei\u00dfverschluss einziehbar &#8211; Gr\u00f6\u00dfe S, M, L, XL, XXL Bel\u00fcftete Leinenjacke mit 4 Taschen, elastischer Taille und \u00c4rmelb\u00fcndchen. Sie l\u00e4sst sich vorne komplett \u00f6ffnen; die mit einem Geh\u00f6rschutz ausgestattete Fiberglasmaske ist leicht und komplett abnehmbar. Gr\u00f6\u00dfenratgeber: DEGRESSIVE PREISE JE NACH MENGE. F\u00fcr weitere Informationen kontaktieren Sie mich bitte. info@apimat.ch [&hellip;]<\/p>\n","protected":false},"featured_media":13025,"template":"","meta":{"_uf_show_specific_survey":0,"_uf_disable_surveys":false},"product_cat":[97],"product_tag":[],"aioseo_notices":[],"_links":{"self":[{"href":"https:\/\/apimat.ch\/de\/wp-json\/wp\/v2\/product\/7533"}],"collection":[{"href":"https:\/\/apimat.ch\/de\/wp-json\/wp\/v2\/product"}],"about":[{"href":"https:\/\/apimat.ch\/de\/wp-json\/wp\/v2\/types\/product"}],"wp:featuredmedia":[{"embeddable":true,"href":"https:\/\/apimat.ch\/de\/wp-json\/wp\/v2\/media\/13025"}],"wp:attachment":[{"href":"https:\/\/apimat.ch\/de\/wp-json\/wp\/v2\/media?parent=7533"}],"wp:term":[{"taxonomy":"product_cat","embeddable":true,"href":"https:\/\/apimat.ch\/de\/wp-json\/wp\/v2\/product_cat?post=7533"},{"taxonomy":"product_tag","embeddable":true,"href":"https:\/\/apimat.ch\/de\/wp-json\/wp\/v2\/product_tag?post=7533"}],"curies":[{"name":"wp","href":"https:\/\/api.w.org\/{rel}","templated":true}]}}