{"id":7544,"date":"2018-12-22T19:45:46","date_gmt":"2020-01-04T06:13:46","guid":{"rendered":"https:\/\/apimat.ch\/?post_type=product&#038;p=7544"},"modified":"2022-09-06T08:43:58","modified_gmt":"2022-09-06T06:43:58","slug":"beluefteter-weiss-imker-overall-fuer-erwachsene-groesse-s-m-l-xl-xxl","status":"publish","type":"product","link":"https:\/\/apimat.ch\/de\/produit\/beluefteter-weiss-imker-overall-fuer-erwachsene-groesse-s-m-l-xl-xxl\/","title":{"rendered":"BEL\u00dcFTETER wei\u00df Imker-Overall f\u00fcr Erwachsene &#8211; Gr\u00f6\u00dfe S, M, L, XL, XXL"},"content":{"rendered":"<h3>BEL\u00dcFTETER wei\u00df Imker-Overall f\u00fcr Erwachsene &#8211; Gr\u00f6\u00dfe S, M, L, XL, XXL<\/h3>\n<p>Adult VENTILATED Vollanzug mit 4 Taschen, elastischer Taille und Armband. Sie l\u00e4sst sich vorne komplett \u00f6ffnen; die Fiberglasmaske mit Geh\u00f6rschutz ist leicht und komplett abnehmbar.<\/p>\n<p>Gr\u00f6\u00dfenratgeber:<\/p>\n<p><img loading=\"lazy\" decoding=\"async\" class=\"alignnone size-full wp-image-19610\" src=\"https:\/\/apimat.ch\/wp-content\/uploads\/2019\/12\/Tailles-DE.png\" alt=\"\" width=\"527\" height=\"267\" srcset=\"https:\/\/apimat.ch\/wp-content\/uploads\/2019\/12\/Tailles-DE.png 527w, https:\/\/apimat.ch\/wp-content\/uploads\/2019\/12\/Tailles-DE-300x152.png 300w\" sizes=\"(max-width: 527px) 100vw, 527px\" \/><\/p>\n<p><strong>DIE PREISE SIND JE NACH MENGE DEGRESSIV.<\/strong><\/p>\n<p><strong>F\u00fcr weitere Informationen kontaktieren Sie mich bitte.<\/strong><\/p>\n<p><a href=\"mailto:info@apimat.ch\"><strong>info@apimat.ch<\/strong><\/a><\/p>\n<p><strong>Telefon: 076 213 80 33<\/strong><\/p>\n","protected":false},"excerpt":{"rendered":"<p>BEL\u00dcFTETER wei\u00df Imker-Overall f\u00fcr Erwachsene &#8211; Gr\u00f6\u00dfe S, M, L, XL, XXL Adult VENTILATED Vollanzug mit 4 Taschen, elastischer Taille und Armband. Sie l\u00e4sst sich vorne komplett \u00f6ffnen; die Fiberglasmaske mit Geh\u00f6rschutz ist leicht und komplett abnehmbar. Gr\u00f6\u00dfenratgeber: DIE PREISE SIND JE NACH MENGE DEGRESSIV. F\u00fcr weitere Informationen kontaktieren Sie mich bitte. info@apimat.ch Telefon: 076 [&hellip;]<\/p>\n","protected":false},"featured_media":16900,"template":"","meta":{"_uf_show_specific_survey":0,"_uf_disable_surveys":false},"product_cat":[97],"product_tag":[],"aioseo_notices":[],"_links":{"self":[{"href":"https:\/\/apimat.ch\/de\/wp-json\/wp\/v2\/product\/7544"}],"collection":[{"href":"https:\/\/apimat.ch\/de\/wp-json\/wp\/v2\/product"}],"about":[{"href":"https:\/\/apimat.ch\/de\/wp-json\/wp\/v2\/types\/product"}],"wp:featuredmedia":[{"embeddable":true,"href":"https:\/\/apimat.ch\/de\/wp-json\/wp\/v2\/media\/16900"}],"wp:attachment":[{"href":"https:\/\/apimat.ch\/de\/wp-json\/wp\/v2\/media?parent=7544"}],"wp:term":[{"taxonomy":"product_cat","embeddable":true,"href":"https:\/\/apimat.ch\/de\/wp-json\/wp\/v2\/product_cat?post=7544"},{"taxonomy":"product_tag","embeddable":true,"href":"https:\/\/apimat.ch\/de\/wp-json\/wp\/v2\/product_tag?post=7544"}],"curies":[{"name":"wp","href":"https:\/\/api.w.org\/{rel}","templated":true}]}}