{"id":7920,"date":"2020-03-08T10:24:06","date_gmt":"2020-03-08T09:34:19","guid":{"rendered":"https:\/\/apimat.ch\/?post_type=product&#038;p=7920"},"modified":"2021-06-10T14:40:06","modified_gmt":"2021-06-10T12:40:06","slug":"isolierkaefig-koenigin-ausschliesser-dadant-bannwabentasche","status":"publish","type":"product","link":"https:\/\/apimat.ch\/de\/produit\/isolierkaefig-koenigin-ausschliesser-dadant-bannwabentasche\/","title":{"rendered":"Dadant Isolationsk\u00e4fig vereinfacht, um die K\u00f6nigin zu isolieren"},"content":{"rendered":"<h3>Dadant Isolationsk\u00e4fig vereinfacht, um die K\u00f6nigin zu isolieren<\/h3>\n<p>Isolierk\u00e4fig-K\u00f6nigin Ausschlie\u00dfer Dadant ( Bannwabentasche ) zur Bek\u00e4mpfung von Varroa-Milben mit Oxals\u00e4ure.<\/p>\n<p><strong>F\u00fcr weitere Informationen kontaktieren Sie mich bitte.<\/strong><\/p>\n<p><a href=\"mailto:info@apimat.ch\"><strong>info@apimat.ch<\/strong><\/a><\/p>\n<p><strong>Telefon: 076 213 80 33<\/strong><\/p>\n<p>&nbsp;<\/p>\n","protected":false},"excerpt":{"rendered":"<p>Dadant Isolationsk\u00e4fig vereinfacht, um die K\u00f6nigin zu isolieren Isolierk\u00e4fig-K\u00f6nigin Ausschlie\u00dfer Dadant ( Bannwabentasche ) zur Bek\u00e4mpfung von Varroa-Milben mit Oxals\u00e4ure. F\u00fcr weitere Informationen kontaktieren Sie mich bitte. info@apimat.ch Telefon: 076 213 80 33 &nbsp;<\/p>\n","protected":false},"featured_media":9795,"template":"","meta":{"_uf_show_specific_survey":0,"_uf_disable_surveys":false},"product_cat":[390],"product_tag":[],"aioseo_notices":[],"_links":{"self":[{"href":"https:\/\/apimat.ch\/de\/wp-json\/wp\/v2\/product\/7920"}],"collection":[{"href":"https:\/\/apimat.ch\/de\/wp-json\/wp\/v2\/product"}],"about":[{"href":"https:\/\/apimat.ch\/de\/wp-json\/wp\/v2\/types\/product"}],"wp:featuredmedia":[{"embeddable":true,"href":"https:\/\/apimat.ch\/de\/wp-json\/wp\/v2\/media\/9795"}],"wp:attachment":[{"href":"https:\/\/apimat.ch\/de\/wp-json\/wp\/v2\/media?parent=7920"}],"wp:term":[{"taxonomy":"product_cat","embeddable":true,"href":"https:\/\/apimat.ch\/de\/wp-json\/wp\/v2\/product_cat?post=7920"},{"taxonomy":"product_tag","embeddable":true,"href":"https:\/\/apimat.ch\/de\/wp-json\/wp\/v2\/product_tag?post=7920"}],"curies":[{"name":"wp","href":"https:\/\/api.w.org\/{rel}","templated":true}]}}