{"id":8052,"date":"2020-03-29T15:16:11","date_gmt":"2020-03-29T20:47:33","guid":{"rendered":"https:\/\/apimat.ch\/?post_type=product&#038;p=8052"},"modified":"2023-08-26T11:54:10","modified_gmt":"2023-08-26T09:54:10","slug":"dadant-bienenstock-10-mit-flachdach-und-beweglichem-nicot-boden-nicot-futtergeschirr-aus-kunststoff","status":"publish","type":"product","link":"https:\/\/apimat.ch\/de\/produit\/dadant-bienenstock-10-mit-flachdach-und-beweglichem-nicot-boden-nicot-futtergeschirr-aus-kunststoff\/","title":{"rendered":"Dadant-Bienenstock 10 mit Flachdach und beweglichem Nicot-Boden ( Nicot-Futtergeschirr aus Kunststoff )"},"content":{"rendered":"<section  class='av_textblock_section av-kpqvzxvh-6a6e586bc999cb9f6433ffedf0b442a9 '   itemscope=\"itemscope\" itemtype=\"https:\/\/schema.org\/CreativeWork\" ><div class='avia_textblock'  itemprop=\"text\" ><h3>Dadant-Bienenstock 10 mit Flachdach und beweglichem Nicot-Boden (MIT RAHMEN und Honigraum aus Sicheltanne) &#8211; ( 150 CHF OHNE R\u00c4HMEN )<\/h3>\n<p>&#8211; Geradschwanzzapfenanordnung f\u00fcr optimale Festigkeit;<\/p>\n<p>&#8211; \u00c4u\u00dfere Behandlung mit Lein\u00f6l;<\/p>\n<p>&#8211; Beweglicher Boden aus lebensmittelechtem und wiederverwertbarem Kunststoff Nicot mit Schublade zur Inspektion;<\/p>\n<p>&#8211; Bienenstockk\u00f6rper <strong>MIT RAHMEN<\/strong> f\u00fcr die Kolonieentwicklung;<\/p>\n<p>&#8211; Bienenst\u00f6cke <strong>MIT RAHMEN<\/strong> f\u00fcr die Honigproduktion;<\/p>\n<p>&#8211; Rahmenabdeckungen f\u00fcr den Futterautomat Dadant 10 Nicot mit 2 Futterabdeckungen; Die Rahmenabdeckung kann durch eine Holzabdeckung ersetzt werden =&gt; Hohe Rahmenabdeckungen f\u00fcr 10-Rahmen-Bienenst\u00f6cke<\/p>\n<p>&#8211; Blechdach: wird zum Schutz des Bienenstocks verwendet;<\/p>\n<p>&#8211; Verschiedene Metallzubeh\u00f6rteile (Zahnstangen, Zwischenrahmenleisten, verzahnte Eingangst\u00fcr);<\/p>\n<p><strong>DEGRESSIVE PREISE JE NACH MENGE.<\/strong><\/p>\n<p><strong>F\u00fcr weitere Informationen kontaktieren Sie mich bitte.<\/strong><\/p>\n<p><a href=\"mailto:info@apimat.ch\"><strong>info@apimat.ch<\/strong><\/a><\/p>\n<p><strong>Telefon: 076 213 80 33<\/strong><\/p>\n<\/div><\/section>\n","protected":false},"excerpt":{"rendered":"","protected":false},"featured_media":26056,"template":"","meta":{"_uf_show_specific_survey":0,"_uf_disable_surveys":false},"product_cat":[101],"product_tag":[],"aioseo_notices":[],"_links":{"self":[{"href":"https:\/\/apimat.ch\/de\/wp-json\/wp\/v2\/product\/8052"}],"collection":[{"href":"https:\/\/apimat.ch\/de\/wp-json\/wp\/v2\/product"}],"about":[{"href":"https:\/\/apimat.ch\/de\/wp-json\/wp\/v2\/types\/product"}],"wp:featuredmedia":[{"embeddable":true,"href":"https:\/\/apimat.ch\/de\/wp-json\/wp\/v2\/media\/26056"}],"wp:attachment":[{"href":"https:\/\/apimat.ch\/de\/wp-json\/wp\/v2\/media?parent=8052"}],"wp:term":[{"taxonomy":"product_cat","embeddable":true,"href":"https:\/\/apimat.ch\/de\/wp-json\/wp\/v2\/product_cat?post=8052"},{"taxonomy":"product_tag","embeddable":true,"href":"https:\/\/apimat.ch\/de\/wp-json\/wp\/v2\/product_tag?post=8052"}],"curies":[{"name":"wp","href":"https:\/\/api.w.org\/{rel}","templated":true}]}}