{"id":8508,"date":"2020-04-26T10:32:00","date_gmt":"2020-05-16T19:59:40","guid":{"rendered":"https:\/\/apimat.ch\/?post_type=product&#038;p=8508"},"modified":"2026-02-08T13:12:14","modified_gmt":"2026-02-08T12:12:14","slug":"honigglas-1-kg-glas-oe-82-mm-packung-mit-20-stueck","status":"publish","type":"product","link":"https:\/\/apimat.ch\/de\/produit\/honigglas-1-kg-glas-oe-82-mm-packung-mit-20-stueck\/","title":{"rendered":"Honigglas 1 kg Glas \u00d8 82 mm. (Packung mit 20 St\u00fcck)"},"content":{"rendered":"<h1 class=\"p1\"><strong>BITTE W\u00c4HLEN SIE DIE ANZAHL DER GEW\u00dcNSCHTEN GL\u00c4SER<\/strong><\/h1>\n<p>&nbsp;<\/p>\n<p data-start=\"42\" data-end=\"134\">Glasbeh\u00e4lter 1\u202fkg \u00d882\u202fmm, Verpackung: 20 St\u00fcck in Schrumpffolie. Der Preis gilt pro St\u00fcck.<\/p>\n<p data-start=\"136\" data-end=\"152\">H\u00f6he: 135,5\u202fmm<\/p>\n<p data-start=\"154\" data-end=\"341\">Ab 20 Gl\u00e4sern = 0,95\u202fCHF pro St\u00fcck<br data-start=\"188\" data-end=\"191\" \/>Ab 60 Gl\u00e4sern = 0,94\u202fCHF pro St\u00fcck<br data-start=\"225\" data-end=\"228\" \/>Ab 100 Gl\u00e4sern = 0,93\u202fCHF pro St\u00fcck<br data-start=\"263\" data-end=\"266\" \/>Ab 180 Gl\u00e4sern = 0,90\u202fCHF pro St\u00fcck<br data-start=\"301\" data-end=\"304\" \/>Ab 280 Gl\u00e4sern = 0,85\u202fCHF pro St\u00fcck<\/p>\n<p data-start=\"343\" data-end=\"440\">Individuelles Angebot f\u00fcr Mengen \u00fcber 300 St\u00fcck, bitte senden Sie eine E-Mail an <a class=\"decorated-link cursor-pointer\" rel=\"noopener\" data-start=\"424\" data-end=\"438\">info@apimat.ch<\/a><\/p>\n<p><span style=\"font-size: 20px; font-weight: 600;\">Kundenspezifische Angebote f\u00fcr Mengen \u00fcber 180 St\u00fcck, bitte senden Sie eine E-Mail an <\/span><a style=\"font-size: 20px; font-weight: 600;\" href=\"mailto:info@apimat.ch\">info@apimat.ch<\/a><span style=\"font-size: 20px; font-weight: 600;\">.<\/span><\/p>\n<p><strong>F\u00fcr weitere Informationen kontaktieren Sie mich bitte.<\/strong><\/p>\n<p><strong><a href=\"mailto:info@apimat.ch\">info@apimat.ch<\/a><\/strong><\/p>\n<p><strong>Telefon: 076 213 80 33<\/strong><\/p>\n","protected":false},"excerpt":{"rendered":"<p>BITTE W\u00c4HLEN SIE DIE ANZAHL DER GEW\u00dcNSCHTEN GL\u00c4SER &nbsp; Glasbeh\u00e4lter 1\u202fkg \u00d882\u202fmm, Verpackung: 20 St\u00fcck in Schrumpffolie. Der Preis gilt pro St\u00fcck. H\u00f6he: 135,5\u202fmm Ab 20 Gl\u00e4sern = 0,95\u202fCHF pro St\u00fcckAb 60 Gl\u00e4sern = 0,94\u202fCHF pro St\u00fcckAb 100 Gl\u00e4sern = 0,93\u202fCHF pro St\u00fcckAb 180 Gl\u00e4sern = 0,90\u202fCHF pro St\u00fcckAb 280 Gl\u00e4sern = 0,85\u202fCHF pro St\u00fcck [&hellip;]<\/p>\n","protected":false},"featured_media":42157,"template":"","meta":{"_uf_show_specific_survey":0,"_uf_disable_surveys":false},"product_cat":[106],"product_tag":[],"aioseo_notices":[],"_links":{"self":[{"href":"https:\/\/apimat.ch\/de\/wp-json\/wp\/v2\/product\/8508"}],"collection":[{"href":"https:\/\/apimat.ch\/de\/wp-json\/wp\/v2\/product"}],"about":[{"href":"https:\/\/apimat.ch\/de\/wp-json\/wp\/v2\/types\/product"}],"wp:featuredmedia":[{"embeddable":true,"href":"https:\/\/apimat.ch\/de\/wp-json\/wp\/v2\/media\/42157"}],"wp:attachment":[{"href":"https:\/\/apimat.ch\/de\/wp-json\/wp\/v2\/media?parent=8508"}],"wp:term":[{"taxonomy":"product_cat","embeddable":true,"href":"https:\/\/apimat.ch\/de\/wp-json\/wp\/v2\/product_cat?post=8508"},{"taxonomy":"product_tag","embeddable":true,"href":"https:\/\/apimat.ch\/de\/wp-json\/wp\/v2\/product_tag?post=8508"}],"curies":[{"name":"wp","href":"https:\/\/api.w.org\/{rel}","templated":true}]}}