{"id":8511,"date":"2020-04-26T10:40:02","date_gmt":"2020-05-16T20:06:14","guid":{"rendered":"https:\/\/apimat.ch\/?post_type=product&#038;p=8511"},"modified":"2026-02-08T13:02:14","modified_gmt":"2026-02-08T12:02:14","slug":"honigglas-500-g-glas-oe-70mm-packung-mit-24-stueck","status":"publish","type":"product","link":"https:\/\/apimat.ch\/de\/produit\/honigglas-500-g-glas-oe-70mm-packung-mit-24-stueck\/","title":{"rendered":"Honigglas 500 g Glas \u00d8 70mm. (Packung mit 24 St\u00fcck)"},"content":{"rendered":"<h1 class=\"p1\"><strong>BITTE W\u00c4HLEN SIE DIE ANZAHL DER GEW\u00dcNSCHTEN GL\u00c4SER<\/strong><\/h1>\n<p>&nbsp;<\/p>\n<p data-start=\"42\" data-end=\"135\">Glasbeh\u00e4lter 500\u202fg \u00d870\u202fmm, Verpackung: 24 St\u00fcck in Schrumpffolie. Der Preis gilt pro St\u00fcck.<\/p>\n<p data-start=\"137\" data-end=\"151\">H\u00f6he: 102\u202fmm<\/p>\n<p data-start=\"153\" data-end=\"265\">Ab 24 Gl\u00e4sern = 0,70\u202fCHF pro St\u00fcck<br data-start=\"187\" data-end=\"190\" \/>Ab 120 Gl\u00e4sern = 0,69\u202fCHF pro St\u00fcck<br data-start=\"225\" data-end=\"228\" \/>Ab 216 Gl\u00e4sern = 0,67\u202fCHF pro St\u00fcck<\/p>\n<p data-start=\"267\" data-end=\"364\">Individuelles Angebot f\u00fcr Mengen \u00fcber 504 St\u00fcck, bitte senden Sie eine E-Mail an <a class=\"decorated-link cursor-pointer\" rel=\"noopener\" data-start=\"348\" data-end=\"362\">info@apimat.ch<\/a><\/p>\n<h3>Kundenspezifische Angebote f\u00fcr Mengen \u00fcber 216 St\u00fcck, bitte senden Sie eine E-Mail an <a href=\"mailto:info@apimat.ch\">info@apimat.ch<\/a>.<\/h3>\n<p><strong>F\u00fcr weitere Informationen kontaktieren Sie mich bitte.<\/strong><\/p>\n<p><strong><a href=\"mailto:info@apimat.ch\">info@apimat.ch<\/a><\/strong><\/p>\n<p><strong>Telefon: 076 213 80 33<\/strong><\/p>\n","protected":false},"excerpt":{"rendered":"<p>BITTE W\u00c4HLEN SIE DIE ANZAHL DER GEW\u00dcNSCHTEN GL\u00c4SER &nbsp; Glasbeh\u00e4lter 500\u202fg \u00d870\u202fmm, Verpackung: 24 St\u00fcck in Schrumpffolie. Der Preis gilt pro St\u00fcck. H\u00f6he: 102\u202fmm Ab 24 Gl\u00e4sern = 0,70\u202fCHF pro St\u00fcckAb 120 Gl\u00e4sern = 0,69\u202fCHF pro St\u00fcckAb 216 Gl\u00e4sern = 0,67\u202fCHF pro St\u00fcck Individuelles Angebot f\u00fcr Mengen \u00fcber 504 St\u00fcck, bitte senden Sie eine E-Mail [&hellip;]<\/p>\n","protected":false},"featured_media":42153,"template":"","meta":{"_uf_show_specific_survey":0,"_uf_disable_surveys":false},"product_cat":[106],"product_tag":[],"aioseo_notices":[],"_links":{"self":[{"href":"https:\/\/apimat.ch\/de\/wp-json\/wp\/v2\/product\/8511"}],"collection":[{"href":"https:\/\/apimat.ch\/de\/wp-json\/wp\/v2\/product"}],"about":[{"href":"https:\/\/apimat.ch\/de\/wp-json\/wp\/v2\/types\/product"}],"wp:featuredmedia":[{"embeddable":true,"href":"https:\/\/apimat.ch\/de\/wp-json\/wp\/v2\/media\/42153"}],"wp:attachment":[{"href":"https:\/\/apimat.ch\/de\/wp-json\/wp\/v2\/media?parent=8511"}],"wp:term":[{"taxonomy":"product_cat","embeddable":true,"href":"https:\/\/apimat.ch\/de\/wp-json\/wp\/v2\/product_cat?post=8511"},{"taxonomy":"product_tag","embeddable":true,"href":"https:\/\/apimat.ch\/de\/wp-json\/wp\/v2\/product_tag?post=8511"}],"curies":[{"name":"wp","href":"https:\/\/api.w.org\/{rel}","templated":true}]}}