{"id":8514,"date":"2020-04-26T10:49:58","date_gmt":"2020-05-16T20:11:00","guid":{"rendered":"https:\/\/apimat.ch\/?post_type=product&#038;p=8514"},"modified":"2026-02-08T12:58:30","modified_gmt":"2026-02-08T11:58:30","slug":"honigglas-250-g-glas-oe-63mm-packung-mit-28-stueck","status":"publish","type":"product","link":"https:\/\/apimat.ch\/de\/produit\/honigglas-250-g-glas-oe-63mm-packung-mit-28-stueck\/","title":{"rendered":"Honigglas 250 g Glas \u00d8 63mm. (Packung mit 28 St\u00fcck)"},"content":{"rendered":"<h1 class=\"p1\"><strong>BITTE W\u00c4HLEN SIE DIE ANZAHL DER GEW\u00dcNSCHTEN GL\u00c4SER<\/strong><\/h1>\n<p data-start=\"42\" data-end=\"135\">Glasbeh\u00e4lter 250\u202fg \u00d863\u202fmm, Verpackung: 28 St\u00fcck in Schrumpffolie. Der Preis gilt pro St\u00fcck.<\/p>\n<p data-start=\"137\" data-end=\"150\">H\u00f6he: 85\u202fmm<\/p>\n<p data-start=\"152\" data-end=\"302\">Ab 28 Gl\u00e4sern = 0,65\u202fCHF pro St\u00fcck<br data-start=\"186\" data-end=\"189\" \/>Ab 112 Gl\u00e4sern = 0,64\u202fCHF pro St\u00fcck<br data-start=\"224\" data-end=\"227\" \/>Ab 224 Gl\u00e4sern = 0,63\u202fCHF pro St\u00fcck<br data-start=\"262\" data-end=\"265\" \/>Ab 420 Gl\u00e4sern = 0,57\u202fCHF pro St\u00fcck<\/p>\n<p data-start=\"304\" data-end=\"401\">Individuelles Angebot f\u00fcr Mengen \u00fcber 504 St\u00fcck, bitte senden Sie eine E-Mail an <a class=\"decorated-link cursor-pointer\" rel=\"noopener\" data-start=\"385\" data-end=\"399\">info@apimat.ch<\/a><\/p>\n<h3>Kundenspezifische Angebote f\u00fcr Mengen \u00fcber 308 St\u00fcck, bitte senden Sie eine E-Mail an <a href=\"mailto:info@apimat.ch\">info@apimat.ch<\/a>.<\/h3>\n<p><strong>F\u00fcr weitere Informationen kontaktieren Sie mich bitte.<\/strong><\/p>\n<p><strong><a href=\"mailto:info@apimat.ch\">info@apimat.ch<\/a><\/strong><\/p>\n<p><strong>Telefon: 076 213 80 33<\/strong><\/p>\n<p><strong>BESUCH NACH ERNENNUNG 7\/7 Tage<\/strong><\/p>\n","protected":false},"excerpt":{"rendered":"<p>BITTE W\u00c4HLEN SIE DIE ANZAHL DER GEW\u00dcNSCHTEN GL\u00c4SER Glasbeh\u00e4lter 250\u202fg \u00d863\u202fmm, Verpackung: 28 St\u00fcck in Schrumpffolie. Der Preis gilt pro St\u00fcck. H\u00f6he: 85\u202fmm Ab 28 Gl\u00e4sern = 0,65\u202fCHF pro St\u00fcckAb 112 Gl\u00e4sern = 0,64\u202fCHF pro St\u00fcckAb 224 Gl\u00e4sern = 0,63\u202fCHF pro St\u00fcckAb 420 Gl\u00e4sern = 0,57\u202fCHF pro St\u00fcck Individuelles Angebot f\u00fcr Mengen \u00fcber 504 St\u00fcck, [&hellip;]<\/p>\n","protected":false},"featured_media":42150,"template":"","meta":{"_uf_show_specific_survey":0,"_uf_disable_surveys":false},"product_cat":[106],"product_tag":[],"aioseo_notices":[],"_links":{"self":[{"href":"https:\/\/apimat.ch\/de\/wp-json\/wp\/v2\/product\/8514"}],"collection":[{"href":"https:\/\/apimat.ch\/de\/wp-json\/wp\/v2\/product"}],"about":[{"href":"https:\/\/apimat.ch\/de\/wp-json\/wp\/v2\/types\/product"}],"wp:featuredmedia":[{"embeddable":true,"href":"https:\/\/apimat.ch\/de\/wp-json\/wp\/v2\/media\/42150"}],"wp:attachment":[{"href":"https:\/\/apimat.ch\/de\/wp-json\/wp\/v2\/media?parent=8514"}],"wp:term":[{"taxonomy":"product_cat","embeddable":true,"href":"https:\/\/apimat.ch\/de\/wp-json\/wp\/v2\/product_cat?post=8514"},{"taxonomy":"product_tag","embeddable":true,"href":"https:\/\/apimat.ch\/de\/wp-json\/wp\/v2\/product_tag?post=8514"}],"curies":[{"name":"wp","href":"https:\/\/api.w.org\/{rel}","templated":true}]}}