{"id":8518,"date":"2020-04-26T10:58:11","date_gmt":"2020-05-16T20:15:45","guid":{"rendered":"https:\/\/apimat.ch\/?post_type=product&#038;p=8518"},"modified":"2026-02-08T12:51:17","modified_gmt":"2026-02-08T11:51:17","slug":"honigglas-125-g-oe-53mm-packung-mit-40-stueck","status":"publish","type":"product","link":"https:\/\/apimat.ch\/de\/produit\/honigglas-125-g-oe-53mm-packung-mit-40-stueck\/","title":{"rendered":"Honigglas 125 g \u00d8 53mm. (Packung mit 40 St\u00fcck)"},"content":{"rendered":"<h1 class=\"p1\"><strong>BITTE W\u00c4HLEN SIE DIE ANZAHL DER GEW\u00dcNSCHTEN GL\u00c4SER<\/strong><\/h1>\n<p>&nbsp;<\/p>\n<p data-start=\"42\" data-end=\"135\">Glasbeh\u00e4lter 125\u202fg \u00d853\u202fmm, Verpackung: 40 St\u00fcck in Schrumpffolie. Der Preis gilt pro St\u00fcck.<\/p>\n<p data-start=\"137\" data-end=\"152\">H\u00f6he: 61,5\u202fmm<\/p>\n<p data-start=\"154\" data-end=\"304\">Ab 40 Gl\u00e4sern = 0,60\u202fCHF pro St\u00fcck<br data-start=\"188\" data-end=\"191\" \/>Ab 240 Gl\u00e4sern = 0,59\u202fCHF pro St\u00fcck<br data-start=\"226\" data-end=\"229\" \/>Ab 320 Gl\u00e4sern = 0,58\u202fCHF pro St\u00fcck<br data-start=\"264\" data-end=\"267\" \/>Ab 480 Gl\u00e4sern = 0,56\u202fCHF pro St\u00fcck<\/p>\n<p data-start=\"306\" data-end=\"403\">Individuelles Angebot f\u00fcr Mengen \u00fcber 520 St\u00fcck, bitte senden Sie eine E-Mail an <a class=\"decorated-link cursor-pointer\" rel=\"noopener\" data-start=\"387\" data-end=\"401\">info@apimat.ch<\/a><\/p>\n<h3>Kundenspezifische Angebote f\u00fcr Mengen \u00fcber 320 St\u00fcck, bitte senden Sie eine E-Mail an <a href=\"mailto:info@apimat.ch\">info@apimat.ch<\/a>.<\/h3>\n<p><strong>F\u00fcr weitere Informationen kontaktieren Sie mich bitte.<\/strong><\/p>\n<p><strong><a href=\"mailto:info@apimat.ch\">info@apimat.ch<\/a><\/strong><\/p>\n<p><strong>Telefon: 076 213 80 33<\/strong><\/p>\n<p>&nbsp;<\/p>\n","protected":false},"excerpt":{"rendered":"<p>BITTE W\u00c4HLEN SIE DIE ANZAHL DER GEW\u00dcNSCHTEN GL\u00c4SER &nbsp; Glasbeh\u00e4lter 125\u202fg \u00d853\u202fmm, Verpackung: 40 St\u00fcck in Schrumpffolie. Der Preis gilt pro St\u00fcck. H\u00f6he: 61,5\u202fmm Ab 40 Gl\u00e4sern = 0,60\u202fCHF pro St\u00fcckAb 240 Gl\u00e4sern = 0,59\u202fCHF pro St\u00fcckAb 320 Gl\u00e4sern = 0,58\u202fCHF pro St\u00fcckAb 480 Gl\u00e4sern = 0,56\u202fCHF pro St\u00fcck Individuelles Angebot f\u00fcr Mengen \u00fcber 520 [&hellip;]<\/p>\n","protected":false},"featured_media":42146,"template":"","meta":{"_uf_show_specific_survey":0,"_uf_disable_surveys":false},"product_cat":[106],"product_tag":[],"aioseo_notices":[],"_links":{"self":[{"href":"https:\/\/apimat.ch\/de\/wp-json\/wp\/v2\/product\/8518"}],"collection":[{"href":"https:\/\/apimat.ch\/de\/wp-json\/wp\/v2\/product"}],"about":[{"href":"https:\/\/apimat.ch\/de\/wp-json\/wp\/v2\/types\/product"}],"wp:featuredmedia":[{"embeddable":true,"href":"https:\/\/apimat.ch\/de\/wp-json\/wp\/v2\/media\/42146"}],"wp:attachment":[{"href":"https:\/\/apimat.ch\/de\/wp-json\/wp\/v2\/media?parent=8518"}],"wp:term":[{"taxonomy":"product_cat","embeddable":true,"href":"https:\/\/apimat.ch\/de\/wp-json\/wp\/v2\/product_cat?post=8518"},{"taxonomy":"product_tag","embeddable":true,"href":"https:\/\/apimat.ch\/de\/wp-json\/wp\/v2\/product_tag?post=8518"}],"curies":[{"name":"wp","href":"https:\/\/api.w.org\/{rel}","templated":true}]}}