{"id":8524,"date":"2020-05-03T06:54:48","date_gmt":"2020-05-17T14:54:33","guid":{"rendered":"https:\/\/apimat.ch\/?post_type=product&#038;p=8524"},"modified":"2021-06-10T14:29:06","modified_gmt":"2021-06-10T12:29:06","slug":"bienenstock-jungvolkkasten-dadant-6-rahmen","status":"publish","type":"product","link":"https:\/\/apimat.ch\/de\/produit\/bienenstock-jungvolkkasten-dadant-6-rahmen\/","title":{"rendered":"Dadant 6 Bienenstock zur Jungv\u00f6lkerbildung (MIT RAHMEN)"},"content":{"rendered":"<p>Dadant 6 Bienenstock zur Jungv\u00f6lkerbildung (MIT RAHMEN)<\/p>\n<h3>BIENENSTOCK ZUR BILDUNG VON KERNEN IN TANNENB\u00c4UMEN, GR\u00d6\u00dfE 6<\/h3>\n<p>&#8211; Versammlung MI-WOOD;<\/p>\n<p>&#8211; Verschraubte Teile zur Gew\u00e4hrleistung optimaler Festigkeit;<\/p>\n<p>&#8211; Mit grauer Farbe<\/p>\n<p>&#8211; Deckplatte mit Kappe f\u00fcr die Beschickung;<\/p>\n<p>&#8211; Beweglicher Boden mit Anti-Varroa-Gitter, versehen mit einer Schublade zur Inspektion;<\/p>\n<p>&#8211; Bienenstockk\u00f6rper <strong>MIT RAHMEN<\/strong> f\u00fcr die Entwicklung von Bienenv\u00f6lkern;<\/p>\n<p>&#8211; Diverses Metallzubeh\u00f6r (gezahnte Eingangst\u00fcr, verzinkte B\u00fcgel f\u00fcr die Verbindung von Karosserie und Mulde);<\/p>\n<p>&#8211; Blechdach: wird zum Schutz des Bienenstocks verwendet.<\/p>\n<p><strong>DEGRESSIVE PREISE JE NACH MENGE.<\/strong><\/p>\n<p><strong>F\u00fcr weitere Informationen kontaktieren Sie mich bitte.<\/strong><\/p>\n<p><a href=\"mailto:info@apimat.ch\"><strong>info@apimat.ch<\/strong><\/a><\/p>\n<p><strong>Telefon: 076 213 80 33<\/strong><\/p>\n","protected":false},"excerpt":{"rendered":"<p>Dadant 6 Bienenstock zur Jungv\u00f6lkerbildung (MIT RAHMEN) BIENENSTOCK ZUR BILDUNG VON KERNEN IN TANNENB\u00c4UMEN, GR\u00d6\u00dfE 6 &#8211; Versammlung MI-WOOD; &#8211; Verschraubte Teile zur Gew\u00e4hrleistung optimaler Festigkeit; &#8211; Mit grauer Farbe &#8211; Deckplatte mit Kappe f\u00fcr die Beschickung; &#8211; Beweglicher Boden mit Anti-Varroa-Gitter, versehen mit einer Schublade zur Inspektion; &#8211; Bienenstockk\u00f6rper MIT RAHMEN f\u00fcr die Entwicklung [&hellip;]<\/p>\n","protected":false},"featured_media":12482,"template":"","meta":{"_uf_show_specific_survey":0,"_uf_disable_surveys":false},"product_cat":[101],"product_tag":[],"aioseo_notices":[],"_links":{"self":[{"href":"https:\/\/apimat.ch\/de\/wp-json\/wp\/v2\/product\/8524"}],"collection":[{"href":"https:\/\/apimat.ch\/de\/wp-json\/wp\/v2\/product"}],"about":[{"href":"https:\/\/apimat.ch\/de\/wp-json\/wp\/v2\/types\/product"}],"wp:featuredmedia":[{"embeddable":true,"href":"https:\/\/apimat.ch\/de\/wp-json\/wp\/v2\/media\/12482"}],"wp:attachment":[{"href":"https:\/\/apimat.ch\/de\/wp-json\/wp\/v2\/media?parent=8524"}],"wp:term":[{"taxonomy":"product_cat","embeddable":true,"href":"https:\/\/apimat.ch\/de\/wp-json\/wp\/v2\/product_cat?post=8524"},{"taxonomy":"product_tag","embeddable":true,"href":"https:\/\/apimat.ch\/de\/wp-json\/wp\/v2\/product_tag?post=8524"}],"curies":[{"name":"wp","href":"https:\/\/api.w.org\/{rel}","templated":true}]}}